{"id":5228,"date":"2023-08-08T21:17:03","date_gmt":"2023-08-08T19:17:03","guid":{"rendered":"https:\/\/tsass.tn\/?page_id=5228"},"modified":"2023-08-08T21:40:10","modified_gmt":"2023-08-08T19:40:10","slug":"cec-2023-2024","status":"publish","type":"page","link":"https:\/\/tsass.tn\/index.php\/cec-2023-2024\/","title":{"rendered":"CEC 2023\/2024"},"content":{"rendered":"\t\t<div data-elementor-type=\"wp-page\" data-elementor-id=\"5228\" class=\"elementor elementor-5228\">\n\t\t\t\t\t\t\t<div class=\"elementor-element elementor-element-7ccb440 e-flex e-con-boxed e-con\" data-id=\"7ccb440\" data-element_type=\"container\" data-settings=\"{&quot;content_width&quot;:&quot;boxed&quot;}\">\n\t\t\t\t\t<div class=\"e-con-inner\">\n\t\t\t\t<div class=\"elementor-element elementor-element-e93b5af elementor-widget elementor-widget-heading\" data-id=\"e93b5af\" data-element_type=\"widget\" data-widget_type=\"heading.default\">\n\t\t\t\t<div class=\"elementor-widget-container\">\n\t\t\t<style>\/*! elementor - v3.14.0 - 26-06-2023 *\/\n.elementor-heading-title{padding:0;margin:0;line-height:1}.elementor-widget-heading .elementor-heading-title[class*=elementor-size-]>a{color:inherit;font-size:inherit;line-height:inherit}.elementor-widget-heading .elementor-heading-title.elementor-size-small{font-size:15px}.elementor-widget-heading .elementor-heading-title.elementor-size-medium{font-size:19px}.elementor-widget-heading .elementor-heading-title.elementor-size-large{font-size:29px}.elementor-widget-heading .elementor-heading-title.elementor-size-xl{font-size:39px}.elementor-widget-heading .elementor-heading-title.elementor-size-xxl{font-size:59px}<\/style><p class=\"elementor-heading-title elementor-size-default\"><p>Chers confr\u00e8res,<\/p>\n<p>L\u2019\u00e9quipe de pilotage du CEC d\u2019arthroscopie, organis\u00e9 par la facult\u00e9 de m\u00e9decine de Monastir en partenariat avec la TSASS, rappelle aux candidats int\u00e9ress\u00e9s de faire une pr\u00e9-inscription  aux CEC 2023\/2024,  sur le site de la facult\u00e9 de m\u00e9decine de Monastir, en suivant le lien suivant  https:\/\/fmm.tn\/cec\/ (appel \u00e0 candidature).<br><\/p>\n<p><b>NB: Aucun candidat pour cette \u00e9dition ne peut \u00eatre accept\u00e9 que s'il a fait sa pr\u00e9-inscription sur le site de la  facult\u00e9 avant le 15 septembre.\n<\/b><\/p>\n<p>Le nombre de place \u00e9tant limit\u00e9 \u00e0 40, les premiers pr\u00e9 inscrits seront avantag\u00e9s. <\/p>\n\n<p>On vous rappelle que les sessions scientifiques commenceront en d'octobre 2023 \u00e0  Monastir (Tunisie).<\/p>\n<p>Bonne chance \u00e0 tous.<\/p>\n\n<p>NB : <\/p>\n<p>  <ul>  <li> Veuillez accuser la r\u00e9ception de ce mail par retour du re\u00e7u de pr\u00e9-inscription<\/li>.\n <li>Pour plus d\u2019informations et inscriptions :<\/li><ul><\/p>\n<p> <\/p>\n<p>Mme H\u00e9la NIGROU,<\/p>\n<p>Secr\u00e9taire scientifique de la TSASS<\/p>\n<p>T\u00e9l\u00e9phone: +216 55 927 093   <\/p>\n<p>Email : cec@tsass.tn<\/p><\/p>\t\t<\/div>\n\t\t\t\t<\/div>\n\t\t\t\t\t<\/div>\n\t\t\t\t<\/div>\n\t\t\t\t\t\t\t<\/div>\n\t\t","protected":false},"excerpt":{"rendered":"<p>Chers confr\u00e8res, L\u2019\u00e9quipe de pilotage du CEC d\u2019arthroscopie, organis\u00e9 par la facult\u00e9 de m\u00e9decine de Monastir en partenariat avec la TSASS, rappelle aux candidats int\u00e9ress\u00e9s de faire une pr\u00e9-inscription aux CEC 2023\/2024, sur le site de la facult\u00e9 de m\u00e9decine de Monastir, en suivant le lien suivant https:\/\/fmm.tn\/cec\/ (appel \u00e0 candidature). NB: Aucun candidat pour cette \u00e9dition ne peut \u00eatre accept\u00e9 que s&#8217;il a fait sa pr\u00e9-inscription sur le site de la facult\u00e9 avant le 15 septembre. Le nombre de place \u00e9tant limit\u00e9 \u00e0 40, les premiers pr\u00e9 inscrits seront avantag\u00e9s. On vous rappelle que les sessions scientifiques commenceront en\u2026<\/p>\n","protected":false},"author":1,"featured_media":0,"parent":0,"menu_order":0,"comment_status":"closed","ping_status":"closed","template":"","meta":{"footnotes":""},"class_list":["post-5228","page","type-page","status-publish","hentry"],"blocksy_meta":"","_links":{"self":[{"href":"https:\/\/tsass.tn\/index.php\/wp-json\/wp\/v2\/pages\/5228","targetHints":{"allow":["GET"]}}],"collection":[{"href":"https:\/\/tsass.tn\/index.php\/wp-json\/wp\/v2\/pages"}],"about":[{"href":"https:\/\/tsass.tn\/index.php\/wp-json\/wp\/v2\/types\/page"}],"author":[{"embeddable":true,"href":"https:\/\/tsass.tn\/index.php\/wp-json\/wp\/v2\/users\/1"}],"replies":[{"embeddable":true,"href":"https:\/\/tsass.tn\/index.php\/wp-json\/wp\/v2\/comments?post=5228"}],"version-history":[{"count":20,"href":"https:\/\/tsass.tn\/index.php\/wp-json\/wp\/v2\/pages\/5228\/revisions"}],"predecessor-version":[{"id":5249,"href":"https:\/\/tsass.tn\/index.php\/wp-json\/wp\/v2\/pages\/5228\/revisions\/5249"}],"wp:attachment":[{"href":"https:\/\/tsass.tn\/index.php\/wp-json\/wp\/v2\/media?parent=5228"}],"curies":[{"name":"wp","href":"https:\/\/api.w.org\/{rel}","templated":true}]}}