{"id":5143,"date":"2023-08-08T20:28:58","date_gmt":"2023-08-08T18:28:58","guid":{"rendered":"https:\/\/tsass.tn\/?page_id=5143"},"modified":"2023-08-08T21:11:44","modified_gmt":"2023-08-08T19:11:44","slug":"cec-2021-2022","status":"publish","type":"page","link":"https:\/\/tsass.tn\/index.php\/cec-2021-2022\/","title":{"rendered":"CEC 2021\/2022"},"content":{"rendered":"\t\t<div data-elementor-type=\"wp-page\" data-elementor-id=\"5143\" class=\"elementor elementor-5143\">\n\t\t\t\t\t\t\t<div class=\"elementor-element elementor-element-1fce9d3f e-flex e-con-boxed e-con\" data-id=\"1fce9d3f\" data-element_type=\"container\" data-settings=\"{&quot;content_width&quot;:&quot;boxed&quot;}\">\n\t\t\t\t\t<div class=\"e-con-inner\">\n\t\t\t\t<div class=\"elementor-element elementor-element-49c6a072 elementor-widget elementor-widget-heading\" data-id=\"49c6a072\" data-element_type=\"widget\" data-widget_type=\"heading.default\">\n\t\t\t\t<div class=\"elementor-widget-container\">\n\t\t\t<style>\/*! elementor - v3.14.0 - 26-06-2023 *\/\n.elementor-heading-title{padding:0;margin:0;line-height:1}.elementor-widget-heading .elementor-heading-title[class*=elementor-size-]>a{color:inherit;font-size:inherit;line-height:inherit}.elementor-widget-heading .elementor-heading-title.elementor-size-small{font-size:15px}.elementor-widget-heading .elementor-heading-title.elementor-size-medium{font-size:19px}.elementor-widget-heading .elementor-heading-title.elementor-size-large{font-size:29px}.elementor-widget-heading .elementor-heading-title.elementor-size-xl{font-size:39px}.elementor-widget-heading .elementor-heading-title.elementor-size-xxl{font-size:59px}<\/style><h2 class=\"elementor-heading-title elementor-size-default\">Ann\u00e9e universitaire 2021-2022\nCEC D\u2019ARTHROSCOPIE (6\u00e9me \u00e9dition)\n<\/h2>\t\t<\/div>\n\t\t\t\t<\/div>\n\t\t\t\t\t<\/div>\n\t\t\t\t<\/div>\n\t\t<div class=\"elementor-element elementor-element-226386e8 e-flex e-con-boxed e-con\" data-id=\"226386e8\" data-element_type=\"container\" data-settings=\"{&quot;content_width&quot;:&quot;boxed&quot;}\">\n\t\t\t\t\t<div class=\"e-con-inner\">\n\t\t\t\t<div class=\"elementor-element elementor-element-63bd77d1 elementor-widget__width-inherit elementor-widget elementor-widget-heading\" data-id=\"63bd77d1\" data-element_type=\"widget\" data-widget_type=\"heading.default\">\n\t\t\t\t<div class=\"elementor-widget-container\">\n\t\t\t<h2 class=\"elementor-heading-title elementor-size-default\"><div><h2 data-elementor-setting-key=\"title\" data-pen-placeholder=\"\u00c9crivez ici...\" style=\"margin-bottom: calc(var(--has-content-spacing, 1)*(.3em + 10px)); text-align: start; font-family: -apple-system, BlinkMacSystemFont, &quot;Segoe UI&quot;, Roboto, Helvetica, Arial, sans-serif, &quot;Apple Color Emoji&quot;, &quot;Segoe UI Emoji&quot;, &quot;Segoe UI Symbol&quot;; font-style: normal; letter-spacing: normal; text-transform: none; text-decoration-thickness: initial; text-decoration-style: initial; text-decoration-color: initial; --fontWeight: 700; --fontSize: 35px; --lineHeight: 1.5;\"><p dir=\"ltr\" style=\"font-weight: normal; margin-top: 0pt; margin-bottom: 0pt; line-height: 1.38;\"><span style=\"font-size: 12pt; font-family: Arial, sans-serif; color: rgb(0, 0, 0); background-color: transparent; font-weight: 700; font-variant-numeric: normal; font-variant-east-asian: normal; font-variant-alternates: normal; vertical-align: baseline;\">Directeur du CEC:<\/span><span style=\"font-size: 12pt; font-family: Arial, sans-serif; color: rgb(0, 0, 0); background-color: transparent; font-variant-numeric: normal; font-variant-east-asian: normal; font-variant-alternates: normal; vertical-align: baseline;\"> Pr&nbsp; Mustapha KOUBAA<\/span><\/p><p dir=\"ltr\" style=\"font-weight: normal; margin-top: 0pt; margin-bottom: 0pt; line-height: 1.38;\"><span style=\"font-size: 12pt; font-family: Arial, sans-serif; color: rgb(0, 0, 0); background-color: transparent; font-weight: 700; font-variant-numeric: normal; font-variant-east-asian: normal; font-variant-alternates: normal; vertical-align: baseline;\">Responsables de stage\n<\/span><span style=\"font-size: 12pt; font-family: Arial, sans-serif; color: rgb(0, 0, 0); background-color: transparent; font-variant-numeric: normal; font-variant-east-asian: normal; font-variant-alternates: normal; vertical-align: baseline;\">: Dr Haykel BEN AMOR et\nPr Anis TBORBI<\/span><\/p><p dir=\"ltr\" style=\"font-weight: normal; margin-top: 0pt; margin-bottom: 0pt; line-height: 1.38;\"><span style=\"font-size: 12pt; font-family: Arial, sans-serif; color: rgb(0, 0, 0); background-color: transparent; font-weight: 700; font-variant-numeric: normal; font-variant-east-asian: normal; font-variant-alternates: normal; vertical-align: baseline;\">Coordinateurs: <\/span><span style=\"font-size: 12pt; font-family: Arial, sans-serif; color: rgb(0, 0, 0); background-color: transparent; font-variant-numeric: normal; font-variant-east-asian: normal; font-variant-alternates: normal; vertical-align: baseline;\">Dr Hamdi KAZIZ et Dr Youssef OTHMAN<\/span><\/p><p dir=\"ltr\" style=\"margin-top: 0pt; margin-bottom: 0pt; line-height: 1.38;\"><span style=\"font-weight: normal; font-size: 12pt; font-family: Arial, sans-serif; color: rgb(0, 0, 0); background-color: transparent; font-variant-numeric: normal; font-variant-east-asian: normal; font-variant-alternates: normal; vertical-align: baseline;\">T\u00e9l\u00e9chargez le guide pratique ( <a href=\"https:\/\/drive.google.com\/file\/d\/14zLOU7cjoXEla82rOFWZ3KqudQAhZw_C\/view?usp=sharing\" style=\"font-size: inherit; text-align: inherit; font-weight: var(--fontWeight); background-color: var(--paletteColor7);\">T\u00e9l\u00e9charger\nle Livret<\/a><span style=\"background-color: transparent; color: rgb(0, 0, 0); font-family: Arial, sans-serif; font-size: 12pt; font-weight: normal; text-align: inherit;\"> CEC 2021-2022 )<\/span><\/span><\/p><\/h2><\/div><\/h2>\t\t<\/div>\n\t\t\t\t<\/div>\n\t\t\t\t\t<\/div>\n\t\t\t\t<\/div>\n\t\t<div class=\"elementor-element elementor-element-4ad0f967 e-flex e-con-boxed e-con\" data-id=\"4ad0f967\" data-element_type=\"container\" data-settings=\"{&quot;content_width&quot;:&quot;boxed&quot;}\">\n\t\t\t\t\t<div class=\"e-con-inner\">\n\t\t\t\t<div class=\"elementor-element elementor-element-70c61cc9 elementor-widget elementor-widget-heading\" data-id=\"70c61cc9\" data-element_type=\"widget\" data-widget_type=\"heading.default\">\n\t\t\t\t<div class=\"elementor-widget-container\">\n\t\t\t<h2 class=\"elementor-heading-title elementor-size-large\"><p dir=\"ltr\" style=\"font-weight: normal; line-height: 1.38; margin-top: 0pt; margin-bottom: 0pt;\"><span style=\"font-size: 13pt; font-family: Arial, sans-serif; color: rgb(0, 0, 0); background-color: transparent; font-weight: 700; font-variant-numeric: normal; font-variant-east-asian: normal; font-variant-alternates: normal; vertical-align: baseline;\"><\/span><\/p><p dir=\"ltr\" style=\"font-weight: normal; line-height: 1.38; margin-top: 0pt; margin-bottom: 0pt;\"><span style=\"font-size: 13pt; font-family: Arial, sans-serif; color: rgb(0, 0, 0); background-color: transparent; font-weight: 700; font-variant-numeric: normal; font-variant-east-asian: normal; font-variant-alternates: normal; vertical-align: baseline;\"><\/span><\/p><br><h2 dir=\"ltr\" style=\"font-weight: normal; line-height: 1.38; margin-top: 18pt; margin-bottom: 6pt;\"><span style=\"font-size: 25pt; font-family: Arial, sans-serif; color: rgb(74, 134, 232); background-color: transparent; font-variant-numeric: normal; font-variant-east-asian: normal; font-variant-alternates: normal; vertical-align: baseline;\">S\u00e9minaires:&nbsp;<\/span><\/h2><p dir=\"ltr\" style=\"font-weight: normal; line-height: 1.38; margin-top: 0pt; margin-bottom: 0pt;\"><span style=\"font-size: 18pt; font-family: Arial, sans-serif; color: rgb(74, 134, 232); background-color: transparent; font-weight: 700; font-variant-numeric: normal; font-variant-east-asian: normal; font-variant-alternates: normal; vertical-align: baseline;\">S\u00e9minaire 1 - Th\u00e8me : G\u00e9n\u00e9ralit\u00e9s sur l\u2019arthroscopie Genou<\/span><\/p><p dir=\"ltr\" style=\"font-weight: normal; line-height: 1.38; margin-top: 0pt; margin-bottom: 0pt;\"><span style=\"font-size: 12pt; font-family: Arial, sans-serif; color: rgb(0, 0, 0); background-color: transparent; font-variant-numeric: normal; font-variant-east-asian: normal; font-variant-alternates: normal; vertical-align: baseline;\">Date : 25 septembre 2021<\/span><\/p><p dir=\"ltr\" style=\"font-weight: normal; line-height: 1.38; margin-top: 0pt; margin-bottom: 0pt;\"><span style=\"font-size: 12pt; font-family: Arial, sans-serif; color: rgb(0, 0, 0); background-color: transparent; font-variant-numeric: normal; font-variant-east-asian: normal; font-variant-alternates: normal; vertical-align: baseline;\">Coordinateur : Pr Mustapha KOUBAA et Dr Youssef OTHMAN<\/span><\/p><p dir=\"ltr\" style=\"font-weight: normal; line-height: 1.38; margin-top: 0pt; margin-bottom: 0pt;\"><span style=\"font-size: 12pt; font-family: Arial, sans-serif; color: rgb(0, 0, 0); background-color: transparent; font-variant-numeric: normal; font-variant-east-asian: normal; font-variant-alternates: normal; vertical-align: baseline;\">Les diaporamas (lien vers le partage drive )<\/span><a href=\"https:\/\/drive.google.com\/drive\/folders\/1AKY1OP-iF3GigAgWY57ta6LVrxVVccEO?usp=sharing\"><span style=\"font-size: 12pt; font-family: Arial, sans-serif; color: rgb(17, 85, 204); background-color: transparent; font-variant-numeric: normal; font-variant-east-asian: normal; font-variant-alternates: normal; text-decoration-line: underline; text-decoration-skip-ink: none; vertical-align: baseline;\"><\/span><\/a><\/p><\/h2>\t\t<\/div>\n\t\t\t\t<\/div>\n\t\t\t\t\t<\/div>\n\t\t\t\t<\/div>\n\t\t<div class=\"elementor-element elementor-element-2d8adf25 e-flex e-con-boxed e-con\" data-id=\"2d8adf25\" data-element_type=\"container\" data-settings=\"{&quot;content_width&quot;:&quot;boxed&quot;}\">\n\t\t\t\t\t<div class=\"e-con-inner\">\n\t\t\t\t<div class=\"elementor-element elementor-element-5d262e4c elementor-align-center elementor-widget elementor-widget-button\" data-id=\"5d262e4c\" data-element_type=\"widget\" data-widget_type=\"button.default\">\n\t\t\t\t<div class=\"elementor-widget-container\">\n\t\t\t\t\t<div class=\"elementor-button-wrapper\">\n\t\t\t<a class=\"elementor-button elementor-button-link elementor-size-sm\" href=\"https:\/\/drive.google.com\/drive\/folders\/1WqcWs8rjd5yC7zutt_4sMk1_nnExi5_A?usp=sharing\">\n\t\t\t\t\t\t<span class=\"elementor-button-content-wrapper\">\n\t\t\t\t\t\t<span class=\"elementor-button-text\">Diaporamas S\u00e9minaire 1<\/span>\n\t\t<\/span>\n\t\t\t\t\t<\/a>\n\t\t<\/div>\n\t\t\t\t<\/div>\n\t\t\t\t<\/div>\n\t\t\t\t\t<\/div>\n\t\t\t\t<\/div>\n\t\t<div class=\"elementor-element elementor-element-463a704e e-flex e-con-boxed e-con\" data-id=\"463a704e\" data-element_type=\"container\" data-settings=\"{&quot;content_width&quot;:&quot;boxed&quot;}\">\n\t\t\t\t\t<div class=\"e-con-inner\">\n\t\t\t\t<div class=\"elementor-element elementor-element-41142c33 elementor-widget__width-inherit elementor-widget elementor-widget-heading\" data-id=\"41142c33\" data-element_type=\"widget\" data-widget_type=\"heading.default\">\n\t\t\t\t<div class=\"elementor-widget-container\">\n\t\t\t<h2 class=\"elementor-heading-title elementor-size-default\"><p dir=\"ltr\" style=\"font-weight: normal; line-height: 1.38; margin-top: 0pt; margin-bottom: 0pt;\"><span style=\"background-color: transparent; color: rgb(74, 134, 232); font-family: Arial, sans-serif; font-size: 18pt; font-weight: 700; text-align: inherit; font-style: var(--fontStyle, inherit); letter-spacing: var(--letterSpacing); text-transform: var(--textTransform);\">S\u00e9minaire 2 - Th\u00e8me : M\u00e9nisque<\/span><br><\/p><p dir=\"ltr\" style=\"font-weight: normal; line-height: 1.38; margin-top: 0pt; margin-bottom: 0pt;\"><span style=\"font-size: 12pt; font-family: Arial, sans-serif; color: rgb(0, 0, 0); background-color: transparent; font-variant-numeric: normal; font-variant-east-asian: normal; font-variant-alternates: normal; vertical-align: baseline;\">Date : 30-31 octobre 2021<\/span><\/p><p dir=\"ltr\" style=\"font-weight: normal; line-height: 1.38; margin-top: 0pt; margin-bottom: 0pt;\"><span style=\"font-size: 12pt; font-family: Arial, sans-serif; color: rgb(0, 0, 0); background-color: transparent; font-variant-numeric: normal; font-variant-east-asian: normal; font-variant-alternates: normal; vertical-align: baseline;\">Coordinateurs : Pr Anis TEBOURBI et Dr Walid BALTI<\/span><\/p><p dir=\"ltr\" style=\"font-weight: normal; line-height: 1.38; margin-top: 0pt; margin-bottom: 0pt;\"><span style=\"font-size: 12pt; font-family: Arial, sans-serif; color: rgb(0, 0, 0); background-color: transparent; font-variant-numeric: normal; font-variant-east-asian: normal; font-variant-alternates: normal; vertical-align: baseline;\">Les diaporamas (lien vers le partage drive)<\/span><\/p><\/h2>\t\t<\/div>\n\t\t\t\t<\/div>\n\t\t\t\t\t<\/div>\n\t\t\t\t<\/div>\n\t\t<div class=\"elementor-element elementor-element-2f6e223c e-flex e-con-boxed e-con\" data-id=\"2f6e223c\" data-element_type=\"container\" data-settings=\"{&quot;content_width&quot;:&quot;boxed&quot;}\">\n\t\t\t\t\t<div class=\"e-con-inner\">\n\t\t\t\t<div class=\"elementor-element elementor-element-68c60128 elementor-align-center elementor-widget elementor-widget-button\" data-id=\"68c60128\" data-element_type=\"widget\" data-widget_type=\"button.default\">\n\t\t\t\t<div class=\"elementor-widget-container\">\n\t\t\t\t\t<div class=\"elementor-button-wrapper\">\n\t\t\t<a class=\"elementor-button elementor-button-link elementor-size-sm\" href=\"https:\/\/drive.google.com\/drive\/folders\/1S1g3KaEwsiYcIP06Z9T2LBbvetwQWM3e?usp=drive_link\">\n\t\t\t\t\t\t<span class=\"elementor-button-content-wrapper\">\n\t\t\t\t\t\t<span class=\"elementor-button-text\">Diaporamas S\u00e9minaire 2<\/span>\n\t\t<\/span>\n\t\t\t\t\t<\/a>\n\t\t<\/div>\n\t\t\t\t<\/div>\n\t\t\t\t<\/div>\n\t\t\t\t\t<\/div>\n\t\t\t\t<\/div>\n\t\t<div class=\"elementor-element elementor-element-42b047ea e-flex e-con-boxed e-con\" data-id=\"42b047ea\" data-element_type=\"container\" data-settings=\"{&quot;content_width&quot;:&quot;boxed&quot;}\">\n\t\t\t\t\t<div class=\"e-con-inner\">\n\t\t\t\t<div class=\"elementor-element elementor-element-68fd6322 elementor-widget__width-inherit elementor-widget elementor-widget-heading\" data-id=\"68fd6322\" data-element_type=\"widget\" data-widget_type=\"heading.default\">\n\t\t\t\t<div class=\"elementor-widget-container\">\n\t\t\t<h2 class=\"elementor-heading-title elementor-size-default\"><p dir=\"ltr\" style=\"font-weight: normal; line-height: 1.38; margin-top: 0pt; margin-bottom: 0pt;\"><span style=\"font-size: 18pt; font-family: Arial, sans-serif; color: rgb(74, 134, 232); background-color: transparent; font-weight: 700; font-variant-numeric: normal; font-variant-east-asian: normal; font-variant-alternates: normal; vertical-align: baseline;\">S\u00e9minaire 3 - Th\u00e8me : LCA<\/span><\/p><p dir=\"ltr\" style=\"font-weight: normal; line-height: 1.38; margin-top: 0pt; margin-bottom: 0pt;\"><span style=\"font-size: 12pt; font-family: Arial, sans-serif; color: rgb(0, 0, 0); background-color: transparent; font-variant-numeric: normal; font-variant-east-asian: normal; font-variant-alternates: normal; vertical-align: baseline;\">Date : 27-28 novembre 2021<\/span><\/p><p dir=\"ltr\" style=\"font-weight: normal; line-height: 1.38; margin-top: 0pt; margin-bottom: 0pt;\"><span style=\"font-size: 12pt; font-family: Arial, sans-serif; color: rgb(0, 0, 0); background-color: transparent; font-variant-numeric: normal; font-variant-east-asian: normal; font-variant-alternates: normal; vertical-align: baseline;\">Coordinateurs : Pr Mustapha KOUBAA et Dr Hamdi KAZIZ<\/span><\/p><p dir=\"ltr\" style=\"font-weight: normal; line-height: 1.38; margin-top: 0pt; margin-bottom: 0pt;\"><span style=\"font-size: 12pt; font-family: Arial, sans-serif; color: rgb(0, 0, 0); background-color: transparent; font-variant-numeric: normal; font-variant-east-asian: normal; font-variant-alternates: normal; vertical-align: baseline;\">Les diaporamas (lien vers le partage drive)<\/span><\/p><\/h2>\t\t<\/div>\n\t\t\t\t<\/div>\n\t\t\t\t\t<\/div>\n\t\t\t\t<\/div>\n\t\t<div class=\"elementor-element elementor-element-6180dff6 e-flex e-con-boxed e-con\" data-id=\"6180dff6\" data-element_type=\"container\" data-settings=\"{&quot;content_width&quot;:&quot;boxed&quot;}\">\n\t\t\t\t\t<div class=\"e-con-inner\">\n\t\t\t\t<div class=\"elementor-element elementor-element-4067e2e3 elementor-align-center elementor-widget elementor-widget-button\" data-id=\"4067e2e3\" data-element_type=\"widget\" data-widget_type=\"button.default\">\n\t\t\t\t<div class=\"elementor-widget-container\">\n\t\t\t\t\t<div class=\"elementor-button-wrapper\">\n\t\t\t<a class=\"elementor-button elementor-button-link elementor-size-sm\" href=\"https:\/\/drive.google.com\/drive\/folders\/1Rj67tu0Q-sUCs1I3LPBS8IvO1Xb_s9rA?usp=drive_link\">\n\t\t\t\t\t\t<span class=\"elementor-button-content-wrapper\">\n\t\t\t\t\t\t<span class=\"elementor-button-text\">Diaporamas S\u00e9minaire 3<\/span>\n\t\t<\/span>\n\t\t\t\t\t<\/a>\n\t\t<\/div>\n\t\t\t\t<\/div>\n\t\t\t\t<\/div>\n\t\t\t\t\t<\/div>\n\t\t\t\t<\/div>\n\t\t<div class=\"elementor-element elementor-element-1e4c04db e-flex e-con-boxed e-con\" data-id=\"1e4c04db\" data-element_type=\"container\" data-settings=\"{&quot;content_width&quot;:&quot;boxed&quot;}\">\n\t\t\t\t\t<div class=\"e-con-inner\">\n\t\t\t\t<div class=\"elementor-element elementor-element-2d3156d5 elementor-widget__width-inherit elementor-widget elementor-widget-heading\" data-id=\"2d3156d5\" data-element_type=\"widget\" data-widget_type=\"heading.default\">\n\t\t\t\t<div class=\"elementor-widget-container\">\n\t\t\t<h2 class=\"elementor-heading-title elementor-size-default\"><p dir=\"ltr\" style=\"font-weight: normal; line-height: 1.38; margin-top: 0pt; margin-bottom: 0pt;\"><span style=\"font-size: 18pt; font-family: Arial, sans-serif; color: rgb(74, 134, 232); background-color: transparent; font-weight: 700; font-variant-numeric: normal; font-variant-east-asian: normal; font-variant-alternates: normal; vertical-align: baseline;\">S\u00e9minaire 4 - Th\u00e8me : \u00c9paule<\/span><\/p><p dir=\"ltr\" style=\"font-weight: normal; line-height: 1.38; margin-top: 0pt; margin-bottom: 0pt;\"><span style=\"font-size: 12pt; font-family: Arial, sans-serif; color: rgb(0, 0, 0); background-color: transparent; font-variant-numeric: normal; font-variant-east-asian: normal; font-variant-alternates: normal; vertical-align: baseline;\">Date : 22-23 janvier 2022<\/span><\/p><p dir=\"ltr\" style=\"font-weight: normal; line-height: 1.38; margin-top: 0pt; margin-bottom: 0pt;\"><span style=\"font-size: 12pt; font-family: Arial, sans-serif; color: rgb(0, 0, 0); background-color: transparent; font-variant-numeric: normal; font-variant-east-asian: normal; font-variant-alternates: normal; vertical-align: baseline;\">Coordinateurs : Dr Fakhreddine E. TRIKI \u2013 Dr Haykel BEN AMOR<\/span><\/p><p dir=\"ltr\" style=\"font-weight: normal; line-height: 1.38; margin-top: 0pt; margin-bottom: 0pt;\"><span style=\"font-size: 12pt; font-family: Arial, sans-serif; color: rgb(0, 0, 0); background-color: transparent; font-variant-numeric: normal; font-variant-east-asian: normal; font-variant-alternates: normal; vertical-align: baseline;\">Les diaporamas (lien vers le partage drive)<\/span><\/p><\/h2>\t\t<\/div>\n\t\t\t\t<\/div>\n\t\t\t\t\t<\/div>\n\t\t\t\t<\/div>\n\t\t<div class=\"elementor-element elementor-element-1e29dd5a e-flex e-con-boxed e-con\" data-id=\"1e29dd5a\" data-element_type=\"container\" data-settings=\"{&quot;content_width&quot;:&quot;boxed&quot;}\">\n\t\t\t\t\t<div class=\"e-con-inner\">\n\t\t\t\t<div class=\"elementor-element elementor-element-2ca93895 elementor-align-left elementor-widget elementor-widget-button\" data-id=\"2ca93895\" data-element_type=\"widget\" data-widget_type=\"button.default\">\n\t\t\t\t<div class=\"elementor-widget-container\">\n\t\t\t\t\t<div class=\"elementor-button-wrapper\">\n\t\t\t<a class=\"elementor-button elementor-button-link elementor-size-sm\" href=\"https:\/\/drive.google.com\/drive\/folders\/1Ytn5xLAlSUePaGZqA5_1wBusPV2dPGux?usp=drive_link\">\n\t\t\t\t\t\t<span class=\"elementor-button-content-wrapper\">\n\t\t\t\t\t\t<span class=\"elementor-button-text\">Diaporamas S\u00e9minaire 4<\/span>\n\t\t<\/span>\n\t\t\t\t\t<\/a>\n\t\t<\/div>\n\t\t\t\t<\/div>\n\t\t\t\t<\/div>\n\t\t\t\t\t<\/div>\n\t\t\t\t<\/div>\n\t\t<div class=\"elementor-element elementor-element-2bae0acc e-flex e-con-boxed e-con\" data-id=\"2bae0acc\" data-element_type=\"container\" data-settings=\"{&quot;content_width&quot;:&quot;boxed&quot;}\">\n\t\t\t\t\t<div class=\"e-con-inner\">\n\t\t\t\t<div class=\"elementor-element elementor-element-20d67294 elementor-widget__width-inherit elementor-widget elementor-widget-heading\" data-id=\"20d67294\" data-element_type=\"widget\" data-widget_type=\"heading.default\">\n\t\t\t\t<div class=\"elementor-widget-container\">\n\t\t\t<h2 class=\"elementor-heading-title elementor-size-default\"><p dir=\"ltr\" style=\"line-height: 1.38; margin-top: 0pt; margin-bottom: 0pt;\"><span style=\"font-size: 18pt; font-family: Arial, sans-serif; color: rgb(74, 134, 232); background-color: transparent; font-variant-numeric: normal; font-variant-east-asian: normal; font-variant-alternates: normal; vertical-align: baseline;\">S\u00e9minaire 5 - Th\u00e8me : Hanche, Cheville, Coude et poignet<\/span><\/p><p dir=\"ltr\" style=\"font-weight: normal; line-height: 1.38; margin-top: 0pt; margin-bottom: 0pt;\"><span style=\"font-size: 12pt; font-family: Arial, sans-serif; color: rgb(0, 0, 0); background-color: transparent; font-variant-numeric: normal; font-variant-east-asian: normal; font-variant-alternates: normal; vertical-align: baseline;\">Date : 26-27 f\u00e9vrier 2022<\/span><\/p><p dir=\"ltr\" style=\"font-weight: normal; line-height: 1.38; margin-top: 0pt; margin-bottom: 0pt;\"><span style=\"font-size: 12pt; font-family: Arial, sans-serif; color: rgb(0, 0, 0); background-color: transparent; font-variant-numeric: normal; font-variant-east-asian: normal; font-variant-alternates: normal; vertical-align: baseline;\">Coordinateurs : Dr Sami BELHARETH,&nbsp; Dr Dr Karim BEN AICHA<\/span><\/p><p dir=\"ltr\" style=\"font-weight: normal; line-height: 1.38; margin-top: 0pt; margin-bottom: 0pt;\"><span style=\"font-size: 12pt; font-family: Arial, sans-serif; color: rgb(0, 0, 0); background-color: transparent; font-variant-numeric: normal; font-variant-east-asian: normal; font-variant-alternates: normal; vertical-align: baseline;\">Les diaporamas (lien vers le partage drive)<\/span><\/p><\/h2>\t\t<\/div>\n\t\t\t\t<\/div>\n\t\t\t\t\t<\/div>\n\t\t\t\t<\/div>\n\t\t<div class=\"elementor-element elementor-element-73a0c0e1 e-flex e-con-boxed e-con\" data-id=\"73a0c0e1\" data-element_type=\"container\" data-settings=\"{&quot;content_width&quot;:&quot;boxed&quot;}\">\n\t\t\t\t\t<div class=\"e-con-inner\">\n\t\t\t\t<div class=\"elementor-element elementor-element-49a3ea2 elementor-align-left elementor-widget elementor-widget-button\" data-id=\"49a3ea2\" data-element_type=\"widget\" data-widget_type=\"button.default\">\n\t\t\t\t<div class=\"elementor-widget-container\">\n\t\t\t\t\t<div class=\"elementor-button-wrapper\">\n\t\t\t<a class=\"elementor-button elementor-button-link elementor-size-sm\" href=\"https:\/\/drive.google.com\/drive\/folders\/1tLk2Tk0cMYR7TwEel4H6wiwZmUtEhAYU?usp=drive_link\">\n\t\t\t\t\t\t<span class=\"elementor-button-content-wrapper\">\n\t\t\t\t\t\t<span class=\"elementor-button-text\">Diaporamas S\u00e9minaire 5<\/span>\n\t\t<\/span>\n\t\t\t\t\t<\/a>\n\t\t<\/div>\n\t\t\t\t<\/div>\n\t\t\t\t<\/div>\n\t\t\t\t\t<\/div>\n\t\t\t\t<\/div>\n\t\t\t\t\t\t\t<\/div>\n\t\t","protected":false},"excerpt":{"rendered":"<p>Ann\u00e9e universitaire 2021-2022 CEC D\u2019ARTHROSCOPIE (6\u00e9me \u00e9dition) Directeur du CEC: Pr&nbsp; Mustapha KOUBAA Responsables de stage : Dr Haykel BEN AMOR et Pr Anis TBORBI Coordinateurs: Dr Hamdi KAZIZ et Dr Youssef OTHMAN T\u00e9l\u00e9chargez le guide pratique ( T\u00e9l\u00e9charger le Livret CEC 2021-2022 ) S\u00e9minaires:&nbsp; S\u00e9minaire 1 &#8211; Th\u00e8me : G\u00e9n\u00e9ralit\u00e9s sur l\u2019arthroscopie Genou Date : 25 septembre 2021 Coordinateur : Pr Mustapha KOUBAA et Dr Youssef OTHMAN Les diaporamas (lien vers le partage drive ) Diaporamas S\u00e9minaire 1 S\u00e9minaire 2 &#8211; Th\u00e8me : M\u00e9nisque Date : 30-31 octobre 2021 Coordinateurs : Pr Anis TEBOURBI et Dr Walid BALTI Les\u2026<\/p>\n","protected":false},"author":1,"featured_media":0,"parent":0,"menu_order":0,"comment_status":"closed","ping_status":"closed","template":"","meta":{"footnotes":""},"class_list":["post-5143","page","type-page","status-publish","hentry"],"blocksy_meta":"","_links":{"self":[{"href":"https:\/\/tsass.tn\/index.php\/wp-json\/wp\/v2\/pages\/5143","targetHints":{"allow":["GET"]}}],"collection":[{"href":"https:\/\/tsass.tn\/index.php\/wp-json\/wp\/v2\/pages"}],"about":[{"href":"https:\/\/tsass.tn\/index.php\/wp-json\/wp\/v2\/types\/page"}],"author":[{"embeddable":true,"href":"https:\/\/tsass.tn\/index.php\/wp-json\/wp\/v2\/users\/1"}],"replies":[{"embeddable":true,"href":"https:\/\/tsass.tn\/index.php\/wp-json\/wp\/v2\/comments?post=5143"}],"version-history":[{"count":34,"href":"https:\/\/tsass.tn\/index.php\/wp-json\/wp\/v2\/pages\/5143\/revisions"}],"predecessor-version":[{"id":5224,"href":"https:\/\/tsass.tn\/index.php\/wp-json\/wp\/v2\/pages\/5143\/revisions\/5224"}],"wp:attachment":[{"href":"https:\/\/tsass.tn\/index.php\/wp-json\/wp\/v2\/media?parent=5143"}],"curies":[{"name":"wp","href":"https:\/\/api.w.org\/{rel}","templated":true}]}}