{"id":5103,"date":"2023-08-08T19:32:14","date_gmt":"2023-08-08T17:32:14","guid":{"rendered":"https:\/\/tsass.tn\/?page_id=5103"},"modified":"2023-08-08T20:27:26","modified_gmt":"2023-08-08T18:27:26","slug":"cec-2018-2019","status":"publish","type":"page","link":"https:\/\/tsass.tn\/index.php\/cec-2018-2019\/","title":{"rendered":"CEC 2018\/2019"},"content":{"rendered":"\t\t<div data-elementor-type=\"wp-page\" data-elementor-id=\"5103\" class=\"elementor elementor-5103\">\n\t\t\t\t\t\t\t<div class=\"elementor-element elementor-element-12d07e6f e-flex e-con-boxed e-con\" data-id=\"12d07e6f\" data-element_type=\"container\" data-settings=\"{&quot;content_width&quot;:&quot;boxed&quot;}\">\n\t\t\t\t\t<div class=\"e-con-inner\">\n\t\t\t\t<div class=\"elementor-element elementor-element-5c280f14 elementor-widget elementor-widget-heading\" data-id=\"5c280f14\" data-element_type=\"widget\" data-widget_type=\"heading.default\">\n\t\t\t\t<div class=\"elementor-widget-container\">\n\t\t\t<style>\/*! elementor - v3.14.0 - 26-06-2023 *\/\n.elementor-heading-title{padding:0;margin:0;line-height:1}.elementor-widget-heading .elementor-heading-title[class*=elementor-size-]>a{color:inherit;font-size:inherit;line-height:inherit}.elementor-widget-heading .elementor-heading-title.elementor-size-small{font-size:15px}.elementor-widget-heading .elementor-heading-title.elementor-size-medium{font-size:19px}.elementor-widget-heading .elementor-heading-title.elementor-size-large{font-size:29px}.elementor-widget-heading .elementor-heading-title.elementor-size-xl{font-size:39px}.elementor-widget-heading .elementor-heading-title.elementor-size-xxl{font-size:59px}<\/style><h2 class=\"elementor-heading-title elementor-size-default\">Ann\u00e9e universitaire 2018-2019\nCEC D\u2019ARTHROSCOPIE (5\u00e9me \u00e9dition)\n<\/h2>\t\t<\/div>\n\t\t\t\t<\/div>\n\t\t\t\t\t<\/div>\n\t\t\t\t<\/div>\n\t\t<div class=\"elementor-element elementor-element-75e38a50 e-flex e-con-boxed e-con\" data-id=\"75e38a50\" data-element_type=\"container\" data-settings=\"{&quot;content_width&quot;:&quot;boxed&quot;}\">\n\t\t\t\t\t<div class=\"e-con-inner\">\n\t\t\t\t<div class=\"elementor-element elementor-element-7555cbaa elementor-widget__width-initial elementor-widget elementor-widget-heading\" data-id=\"7555cbaa\" data-element_type=\"widget\" data-widget_type=\"heading.default\">\n\t\t\t\t<div class=\"elementor-widget-container\">\n\t\t\t<h2 class=\"elementor-heading-title elementor-size-default\"><div><h2 data-elementor-setting-key=\"title\" data-pen-placeholder=\"\u00c9crivez ici...\" style=\"margin-bottom: calc(var(--has-content-spacing, 1)*(.3em + 10px)); text-align: start; font-family: -apple-system, BlinkMacSystemFont, &quot;Segoe UI&quot;, Roboto, Helvetica, Arial, sans-serif, &quot;Apple Color Emoji&quot;, &quot;Segoe UI Emoji&quot;, &quot;Segoe UI Symbol&quot;; font-style: normal; letter-spacing: normal; text-transform: none; text-decoration-thickness: initial; text-decoration-style: initial; text-decoration-color: initial; --fontWeight: 700; --fontSize: 35px; --lineHeight: 1.5;\"><p dir=\"ltr\" style=\"font-weight: normal; margin-top: 0pt; margin-bottom: 0pt; line-height: 1.38;\"><span style=\"font-size: 12pt; font-family: Arial, sans-serif; color: rgb(0, 0, 0); background-color: transparent; font-weight: 700; font-variant-numeric: normal; font-variant-east-asian: normal; font-variant-alternates: normal; vertical-align: baseline;\">Directeur du CEC:<\/span><span style=\"font-size: 12pt; font-family: Arial, sans-serif; color: rgb(0, 0, 0); background-color: transparent; font-variant-numeric: normal; font-variant-east-asian: normal; font-variant-alternates: normal; vertical-align: baseline;\"> Pr&nbsp; Mustapha KOUBAA<\/span><\/p><p dir=\"ltr\" style=\"font-weight: normal; margin-top: 0pt; margin-bottom: 0pt; line-height: 1.38;\"><span style=\"font-size: 12pt; font-family: Arial, sans-serif; color: rgb(0, 0, 0); background-color: transparent; font-weight: 700; font-variant-numeric: normal; font-variant-east-asian: normal; font-variant-alternates: normal; vertical-align: baseline;\">Directeur scientifique<\/span><span style=\"font-size: 12pt; font-family: Arial, sans-serif; color: rgb(0, 0, 0); background-color: transparent; font-variant-numeric: normal; font-variant-east-asian: normal; font-variant-alternates: normal; vertical-align: baseline;\">: Pr Karim BOUATTOUR<\/span><\/p><p dir=\"ltr\" style=\"font-weight: normal; margin-top: 0pt; margin-bottom: 0pt; line-height: 1.38;\"><span style=\"font-size: 12pt; font-family: Arial, sans-serif; color: rgb(0, 0, 0); background-color: transparent; font-weight: 700; font-variant-numeric: normal; font-variant-east-asian: normal; font-variant-alternates: normal; vertical-align: baseline;\">Coordinateurs: <\/span><span style=\"font-size: 12pt; font-family: Arial, sans-serif; color: rgb(0, 0, 0); background-color: transparent; font-variant-numeric: normal; font-variant-east-asian: normal; font-variant-alternates: normal; vertical-align: baseline;\">Dr Hamdi KAZIZ et Dr Youssef OTHMAN<\/span><\/p><p dir=\"ltr\" style=\"margin-top: 0pt; margin-bottom: 0pt; line-height: 1.38;\"><span style=\"font-weight: normal; font-size: 12pt; font-family: Arial, sans-serif; color: rgb(0, 0, 0); background-color: transparent; font-variant-numeric: normal; font-variant-east-asian: normal; font-variant-alternates: normal; vertical-align: baseline;\">T\u00e9l\u00e9chargez le guide pratique ( <a href=\"https:\/\/drive.google.com\/file\/d\/1hnhLT7koXdSDUhawXhh8aIi8mSqqts89\/view?usp=sharing\" style=\"font-size: inherit; text-align: inherit; font-weight: var(--fontWeight); background-color: var(--paletteColor7);\">T\u00e9l\u00e9charger\nle Livret<\/a><span style=\"background-color: transparent; color: rgb(0, 0, 0); font-family: Arial, sans-serif; font-size: 12pt; font-weight: normal; text-align: inherit;\"> CEC 2018-2019 )<\/span><\/p><\/h2><\/div><\/h2>\t\t<\/div>\n\t\t\t\t<\/div>\n\t\t\t\t\t<\/div>\n\t\t\t\t<\/div>\n\t\t<div class=\"elementor-element elementor-element-2b56a315 e-flex e-con-boxed e-con\" data-id=\"2b56a315\" data-element_type=\"container\" data-settings=\"{&quot;content_width&quot;:&quot;boxed&quot;}\">\n\t\t\t\t\t<div class=\"e-con-inner\">\n\t\t\t\t<div class=\"elementor-element elementor-element-508441d9 elementor-widget elementor-widget-heading\" data-id=\"508441d9\" data-element_type=\"widget\" data-widget_type=\"heading.default\">\n\t\t\t\t<div class=\"elementor-widget-container\">\n\t\t\t<h2 class=\"elementor-heading-title elementor-size-large\"><p dir=\"ltr\" style=\"font-weight: normal; line-height: 1.38; margin-top: 0pt; margin-bottom: 0pt;\"><span style=\"font-size: 13pt; font-family: Arial, sans-serif; color: rgb(0, 0, 0); background-color: transparent; font-weight: 700; font-variant-numeric: normal; font-variant-east-asian: normal; font-variant-alternates: normal; vertical-align: baseline;\"><\/span><\/p><p dir=\"ltr\" style=\"font-weight: normal; line-height: 1.38; margin-top: 0pt; margin-bottom: 0pt;\"><span style=\"font-size: 13pt; font-family: Arial, sans-serif; color: rgb(0, 0, 0); background-color: transparent; font-weight: 700; font-variant-numeric: normal; font-variant-east-asian: normal; font-variant-alternates: normal; vertical-align: baseline;\"><\/span><\/p><br><h2 dir=\"ltr\" style=\"font-weight: normal; line-height: 1.38; margin-top: 18pt; margin-bottom: 6pt;\"><span style=\"font-size: 25pt; font-family: Arial, sans-serif; color: rgb(74, 134, 232); background-color: transparent; font-variant-numeric: normal; font-variant-east-asian: normal; font-variant-alternates: normal; vertical-align: baseline;\">S\u00e9minaires:&nbsp;<\/span><\/h2><p dir=\"ltr\" style=\"font-weight: normal; line-height: 1.38; margin-top: 0pt; margin-bottom: 0pt;\"><span style=\"font-size: 18pt; font-family: Arial, sans-serif; color: rgb(74, 134, 232); background-color: transparent; font-weight: 700; font-variant-numeric: normal; font-variant-east-asian: normal; font-variant-alternates: normal; vertical-align: baseline;\">S\u00e9minaire 1 - Th\u00e8me : G\u00e9n\u00e9ralit\u00e9s sur l\u2019arthroscopie Genou<\/span><\/p><p dir=\"ltr\" style=\"font-weight: normal; line-height: 1.38; margin-top: 0pt; margin-bottom: 0pt;\"><span style=\"font-size: 12pt; font-family: Arial, sans-serif; color: rgb(0, 0, 0); background-color: transparent; font-variant-numeric: normal; font-variant-east-asian: normal; font-variant-alternates: normal; vertical-align: baseline;\">Date : 3 Novembre 2018<\/span><\/p><p dir=\"ltr\" style=\"font-weight: normal; line-height: 1.38; margin-top: 0pt; margin-bottom: 0pt;\"><span style=\"font-size: 12pt; font-family: Arial, sans-serif; color: rgb(0, 0, 0); background-color: transparent; font-variant-numeric: normal; font-variant-east-asian: normal; font-variant-alternates: normal; vertical-align: baseline;\">Coordinateur : Pr Mustapha KOUBAA et Dr  Youssef OTHMAN<\/span><\/p><p dir=\"ltr\" style=\"font-weight: normal; line-height: 1.38; margin-top: 0pt; margin-bottom: 0pt;\"><span style=\"font-size: 12pt; font-family: Arial, sans-serif; color: rgb(0, 0, 0); background-color: transparent; font-variant-numeric: normal; font-variant-east-asian: normal; font-variant-alternates: normal; vertical-align: baseline;\">Les diaporamas (lien vers le partage drive )<\/span><a href=\"https:\/\/drive.google.com\/drive\/folders\/1AKY1OP-iF3GigAgWY57ta6LVrxVVccEO?usp=sharing\"><span style=\"font-size: 12pt; font-family: Arial, sans-serif; color: rgb(17, 85, 204); background-color: transparent; font-variant-numeric: normal; font-variant-east-asian: normal; font-variant-alternates: normal; text-decoration-line: underline; text-decoration-skip-ink: none; vertical-align: baseline;\"><\/span><\/a><\/p><\/h2>\t\t<\/div>\n\t\t\t\t<\/div>\n\t\t\t\t\t<\/div>\n\t\t\t\t<\/div>\n\t\t<div class=\"elementor-element elementor-element-2efbd08b e-flex e-con-boxed e-con\" data-id=\"2efbd08b\" data-element_type=\"container\" data-settings=\"{&quot;content_width&quot;:&quot;boxed&quot;}\">\n\t\t\t\t\t<div class=\"e-con-inner\">\n\t\t\t\t<div class=\"elementor-element elementor-element-725021ac elementor-align-center elementor-widget elementor-widget-button\" data-id=\"725021ac\" data-element_type=\"widget\" data-widget_type=\"button.default\">\n\t\t\t\t<div class=\"elementor-widget-container\">\n\t\t\t\t\t<div class=\"elementor-button-wrapper\">\n\t\t\t<a class=\"elementor-button elementor-button-link elementor-size-sm\" href=\"https:\/\/drive.google.com\/drive\/folders\/1-3yMufOyonmxIOVLS2StvlfcJClHvbVf?usp=sharing\">\n\t\t\t\t\t\t<span class=\"elementor-button-content-wrapper\">\n\t\t\t\t\t\t<span class=\"elementor-button-text\">Diaporamas S\u00e9minaire 1<\/span>\n\t\t<\/span>\n\t\t\t\t\t<\/a>\n\t\t<\/div>\n\t\t\t\t<\/div>\n\t\t\t\t<\/div>\n\t\t\t\t\t<\/div>\n\t\t\t\t<\/div>\n\t\t<div class=\"elementor-element elementor-element-520fdf4 e-flex e-con-boxed e-con\" data-id=\"520fdf4\" data-element_type=\"container\" data-settings=\"{&quot;content_width&quot;:&quot;boxed&quot;}\">\n\t\t\t\t\t<div class=\"e-con-inner\">\n\t\t\t\t<div class=\"elementor-element elementor-element-11aece6d elementor-widget__width-inherit elementor-widget elementor-widget-heading\" data-id=\"11aece6d\" data-element_type=\"widget\" data-widget_type=\"heading.default\">\n\t\t\t\t<div class=\"elementor-widget-container\">\n\t\t\t<h2 class=\"elementor-heading-title elementor-size-default\"><p dir=\"ltr\" style=\"font-weight: normal; line-height: 1.38; margin-top: 0pt; margin-bottom: 0pt;\"><span style=\"background-color: transparent; color: rgb(74, 134, 232); font-family: Arial, sans-serif; font-size: 18pt; font-weight: 700; text-align: inherit; font-style: var(--fontStyle, inherit); letter-spacing: var(--letterSpacing); text-transform: var(--textTransform);\">S\u00e9minaire 2 - Th\u00e8me : M\u00e9nisque<\/span><br><\/p><p dir=\"ltr\" style=\"font-weight: normal; line-height: 1.38; margin-top: 0pt; margin-bottom: 0pt;\"><span style=\"font-size: 12pt; font-family: Arial, sans-serif; color: rgb(0, 0, 0); background-color: transparent; font-variant-numeric: normal; font-variant-east-asian: normal; font-variant-alternates: normal; vertical-align: baseline;\">Date : 1 - 2 D\u00e9cembre 2018<\/span><\/p><p dir=\"ltr\" style=\"font-weight: normal; line-height: 1.38; margin-top: 0pt; margin-bottom: 0pt;\"><span style=\"font-size: 12pt; font-family: Arial, sans-serif; color: rgb(0, 0, 0); background-color: transparent; font-variant-numeric: normal; font-variant-east-asian: normal; font-variant-alternates: normal; vertical-align: baseline;\">Coordinateurs : Pr Mustapha KOUBAA, Dr Hamdi KAZIZ<\/span><\/p><p dir=\"ltr\" style=\"font-weight: normal; line-height: 1.38; margin-top: 0pt; margin-bottom: 0pt;\"><span style=\"font-size: 12pt; font-family: Arial, sans-serif; color: rgb(0, 0, 0); background-color: transparent; font-variant-numeric: normal; font-variant-east-asian: normal; font-variant-alternates: normal; vertical-align: baseline;\">Les diaporamas (lien vers le partage drive)<\/span><\/p><\/h2>\t\t<\/div>\n\t\t\t\t<\/div>\n\t\t\t\t\t<\/div>\n\t\t\t\t<\/div>\n\t\t<div class=\"elementor-element elementor-element-7516344 e-flex e-con-boxed e-con\" data-id=\"7516344\" data-element_type=\"container\" data-settings=\"{&quot;content_width&quot;:&quot;boxed&quot;}\">\n\t\t\t\t\t<div class=\"e-con-inner\">\n\t\t\t\t<div class=\"elementor-element elementor-element-667d95dc elementor-align-center elementor-widget elementor-widget-button\" data-id=\"667d95dc\" data-element_type=\"widget\" data-widget_type=\"button.default\">\n\t\t\t\t<div class=\"elementor-widget-container\">\n\t\t\t\t\t<div class=\"elementor-button-wrapper\">\n\t\t\t<a class=\"elementor-button elementor-button-link elementor-size-sm\" href=\"https:\/\/drive.google.com\/drive\/folders\/1f-uYS06nrGNFSNvdya8O812pgSsprsxP?usp=sharing\">\n\t\t\t\t\t\t<span class=\"elementor-button-content-wrapper\">\n\t\t\t\t\t\t<span class=\"elementor-button-text\">Diaporamas S\u00e9minaire 2<\/span>\n\t\t<\/span>\n\t\t\t\t\t<\/a>\n\t\t<\/div>\n\t\t\t\t<\/div>\n\t\t\t\t<\/div>\n\t\t\t\t\t<\/div>\n\t\t\t\t<\/div>\n\t\t<div class=\"elementor-element elementor-element-1b2beb78 e-flex e-con-boxed e-con\" data-id=\"1b2beb78\" data-element_type=\"container\" data-settings=\"{&quot;content_width&quot;:&quot;boxed&quot;}\">\n\t\t\t\t\t<div class=\"e-con-inner\">\n\t\t\t\t<div class=\"elementor-element elementor-element-46aa028 elementor-widget elementor-widget-heading\" data-id=\"46aa028\" data-element_type=\"widget\" data-widget_type=\"heading.default\">\n\t\t\t\t<div class=\"elementor-widget-container\">\n\t\t\t<h2 class=\"elementor-heading-title elementor-size-default\"><p dir=\"ltr\" style=\"font-weight: normal; line-height: 1.38; margin-top: 0pt; margin-bottom: 0pt;\"><span style=\"font-size: 18pt; font-family: Arial, sans-serif; color: rgb(74, 134, 232); background-color: transparent; font-weight: 700; font-variant-numeric: normal; font-variant-east-asian: normal; font-variant-alternates: normal; vertical-align: baseline;\">S\u00e9minaire 3 - Th\u00e8me : LCA<\/span><\/p><p dir=\"ltr\" style=\"font-weight: normal; line-height: 1.38; margin-top: 0pt; margin-bottom: 0pt;\"><span style=\"font-size: 12pt; font-family: Arial, sans-serif; color: rgb(0, 0, 0); background-color: transparent; font-variant-numeric: normal; font-variant-east-asian: normal; font-variant-alternates: normal; vertical-align: baseline;\">Date : 12 - 13 Janvier 2019<\/span><\/p><p dir=\"ltr\" style=\"font-weight: normal; line-height: 1.38; margin-top: 0pt; margin-bottom: 0pt;\"><span style=\"font-size: 12pt; font-family: Arial, sans-serif; color: rgb(0, 0, 0); background-color: transparent; font-variant-numeric: normal; font-variant-east-asian: normal; font-variant-alternates: normal; vertical-align: baseline;\">Coordinateurs : Pr Karim BOUATTOUR, Dr Hamdi KAZIZ<\/span><\/p><p dir=\"ltr\" style=\"font-weight: normal; line-height: 1.38; margin-top: 0pt; margin-bottom: 0pt;\"><span style=\"font-size: 12pt; font-family: Arial, sans-serif; color: rgb(0, 0, 0); background-color: transparent; font-variant-numeric: normal; font-variant-east-asian: normal; font-variant-alternates: normal; vertical-align: baseline;\">Les diaporamas (lien vers le partage drive)<\/span><\/p><\/h2>\t\t<\/div>\n\t\t\t\t<\/div>\n\t\t\t\t\t<\/div>\n\t\t\t\t<\/div>\n\t\t<div class=\"elementor-element elementor-element-8115141 e-flex e-con-boxed e-con\" data-id=\"8115141\" data-element_type=\"container\" data-settings=\"{&quot;content_width&quot;:&quot;boxed&quot;}\">\n\t\t\t\t\t<div class=\"e-con-inner\">\n\t\t\t\t<div class=\"elementor-element elementor-element-3765fdb elementor-align-center elementor-widget elementor-widget-button\" data-id=\"3765fdb\" data-element_type=\"widget\" data-widget_type=\"button.default\">\n\t\t\t\t<div class=\"elementor-widget-container\">\n\t\t\t\t\t<div class=\"elementor-button-wrapper\">\n\t\t\t<a class=\"elementor-button elementor-button-link elementor-size-sm\" href=\"https:\/\/drive.google.com\/drive\/folders\/1gzccjgYDr3PSNN4gcNPRSTFPsjqFVY2_?usp=sharing\">\n\t\t\t\t\t\t<span class=\"elementor-button-content-wrapper\">\n\t\t\t\t\t\t<span class=\"elementor-button-text\">Diaporamas S\u00e9minaire 3<\/span>\n\t\t<\/span>\n\t\t\t\t\t<\/a>\n\t\t<\/div>\n\t\t\t\t<\/div>\n\t\t\t\t<\/div>\n\t\t\t\t\t<\/div>\n\t\t\t\t<\/div>\n\t\t<div class=\"elementor-element elementor-element-56a1a7e e-flex e-con-boxed e-con\" data-id=\"56a1a7e\" data-element_type=\"container\" data-settings=\"{&quot;content_width&quot;:&quot;boxed&quot;}\">\n\t\t\t\t\t<div class=\"e-con-inner\">\n\t\t\t\t<div class=\"elementor-element elementor-element-336734e4 elementor-widget elementor-widget-heading\" data-id=\"336734e4\" data-element_type=\"widget\" data-widget_type=\"heading.default\">\n\t\t\t\t<div class=\"elementor-widget-container\">\n\t\t\t<h2 class=\"elementor-heading-title elementor-size-default\"><p dir=\"ltr\" style=\"font-weight: normal; line-height: 1.38; margin-top: 0pt; margin-bottom: 0pt;\"><span style=\"font-size: 18pt; font-family: Arial, sans-serif; color: rgb(74, 134, 232); background-color: transparent; font-weight: 700; font-variant-numeric: normal; font-variant-east-asian: normal; font-variant-alternates: normal; vertical-align: baseline;\">S\u00e9minaire 4 - Th\u00e8me : \u00c9paule<\/span><\/p><p dir=\"ltr\" style=\"font-weight: normal; line-height: 1.38; margin-top: 0pt; margin-bottom: 0pt;\"><span style=\"font-size: 12pt; font-family: Arial, sans-serif; color: rgb(0, 0, 0); background-color: transparent; font-variant-numeric: normal; font-variant-east-asian: normal; font-variant-alternates: normal; vertical-align: baseline;\">Date : 2 - 3 Mars 2019<\/span><\/p><p dir=\"ltr\" style=\"font-weight: normal; line-height: 1.38; margin-top: 0pt; margin-bottom: 0pt;\"><span style=\"font-size: 12pt; font-family: Arial, sans-serif; color: rgb(0, 0, 0); background-color: transparent; font-variant-numeric: normal; font-variant-east-asian: normal; font-variant-alternates: normal; vertical-align: baseline;\">Coordinateurs : Dr Fakhreddine TRIKI, Dr Razi OUANES<\/span><\/p><p dir=\"ltr\" style=\"font-weight: normal; line-height: 1.38; margin-top: 0pt; margin-bottom: 0pt;\"><span style=\"font-size: 12pt; font-family: Arial, sans-serif; color: rgb(0, 0, 0); background-color: transparent; font-variant-numeric: normal; font-variant-east-asian: normal; font-variant-alternates: normal; vertical-align: baseline;\">Les diaporamas (lien vers le partage drive)<\/span><\/p><\/h2>\t\t<\/div>\n\t\t\t\t<\/div>\n\t\t\t\t\t<\/div>\n\t\t\t\t<\/div>\n\t\t<div class=\"elementor-element elementor-element-605c65c9 e-flex e-con-boxed e-con\" data-id=\"605c65c9\" data-element_type=\"container\" data-settings=\"{&quot;content_width&quot;:&quot;boxed&quot;}\">\n\t\t\t\t\t<div class=\"e-con-inner\">\n\t\t\t\t<div class=\"elementor-element elementor-element-29e2380e elementor-align-left elementor-widget elementor-widget-button\" data-id=\"29e2380e\" data-element_type=\"widget\" data-widget_type=\"button.default\">\n\t\t\t\t<div class=\"elementor-widget-container\">\n\t\t\t\t\t<div class=\"elementor-button-wrapper\">\n\t\t\t<a class=\"elementor-button elementor-button-link elementor-size-sm\" href=\"https:\/\/drive.google.com\/drive\/folders\/1fOC01rPzUg78TnH5Z4cg2_xztn5SSnY_?usp=sharing\">\n\t\t\t\t\t\t<span class=\"elementor-button-content-wrapper\">\n\t\t\t\t\t\t<span class=\"elementor-button-text\">Diaporamas S\u00e9minaire 4<\/span>\n\t\t<\/span>\n\t\t\t\t\t<\/a>\n\t\t<\/div>\n\t\t\t\t<\/div>\n\t\t\t\t<\/div>\n\t\t\t\t\t<\/div>\n\t\t\t\t<\/div>\n\t\t<div class=\"elementor-element elementor-element-5ef658dc e-flex e-con-boxed e-con\" data-id=\"5ef658dc\" data-element_type=\"container\" data-settings=\"{&quot;content_width&quot;:&quot;boxed&quot;}\">\n\t\t\t\t\t<div class=\"e-con-inner\">\n\t\t\t\t<div class=\"elementor-element elementor-element-12f32085 elementor-widget elementor-widget-heading\" data-id=\"12f32085\" data-element_type=\"widget\" data-widget_type=\"heading.default\">\n\t\t\t\t<div class=\"elementor-widget-container\">\n\t\t\t<h2 class=\"elementor-heading-title elementor-size-default\"><p dir=\"ltr\" style=\"line-height: 1.38; margin-top: 0pt; margin-bottom: 0pt;\"><span style=\"font-size: 18pt; font-family: Arial, sans-serif; color: rgb(74, 134, 232); background-color: transparent; font-variant-numeric: normal; font-variant-east-asian: normal; font-variant-alternates: normal; vertical-align: baseline;\">S\u00e9minaire 5 - Th\u00e8me : Hanche, Cheville, Coude et poignet<\/span><\/p><p dir=\"ltr\" style=\"font-weight: normal; line-height: 1.38; margin-top: 0pt; margin-bottom: 0pt;\"><span style=\"font-size: 12pt; font-family: Arial, sans-serif; color: rgb(0, 0, 0); background-color: transparent; font-variant-numeric: normal; font-variant-east-asian: normal; font-variant-alternates: normal; vertical-align: baseline;\">Date : 6 - 7 Avril 2019<\/span><\/p><p dir=\"ltr\" style=\"font-weight: normal; line-height: 1.38; margin-top: 0pt; margin-bottom: 0pt;\"><span style=\"font-size: 12pt; font-family: Arial, sans-serif; color: rgb(0, 0, 0); background-color: transparent; font-variant-numeric: normal; font-variant-east-asian: normal; font-variant-alternates: normal; vertical-align: baseline;\">Coordinateurs : Dr Sami BELHARETH,&nbsp; Dr Karim BEN AICHA<\/span><\/p><p dir=\"ltr\" style=\"font-weight: normal; line-height: 1.38; margin-top: 0pt; margin-bottom: 0pt;\"><span style=\"font-size: 12pt; font-family: Arial, sans-serif; color: rgb(0, 0, 0); background-color: transparent; font-variant-numeric: normal; font-variant-east-asian: normal; font-variant-alternates: normal; vertical-align: baseline;\">Les diaporamas (lien vers le partage drive)<\/span><\/p><\/h2>\t\t<\/div>\n\t\t\t\t<\/div>\n\t\t\t\t\t<\/div>\n\t\t\t\t<\/div>\n\t\t<div class=\"elementor-element elementor-element-78e3dae e-flex e-con-boxed e-con\" data-id=\"78e3dae\" data-element_type=\"container\" data-settings=\"{&quot;content_width&quot;:&quot;boxed&quot;}\">\n\t\t\t\t\t<div class=\"e-con-inner\">\n\t\t\t\t<div class=\"elementor-element elementor-element-5e1f4425 elementor-align-left elementor-widget elementor-widget-button\" data-id=\"5e1f4425\" data-element_type=\"widget\" data-widget_type=\"button.default\">\n\t\t\t\t<div class=\"elementor-widget-container\">\n\t\t\t\t\t<div class=\"elementor-button-wrapper\">\n\t\t\t<a class=\"elementor-button elementor-button-link elementor-size-sm\" href=\"https:\/\/drive.google.com\/drive\/folders\/1rlv2q0Rpx-OAO_51aGlgCzR5JNMMb5S4?usp=sharing\">\n\t\t\t\t\t\t<span class=\"elementor-button-content-wrapper\">\n\t\t\t\t\t\t<span class=\"elementor-button-text\">Diaporamas S\u00e9minaire 5<\/span>\n\t\t<\/span>\n\t\t\t\t\t<\/a>\n\t\t<\/div>\n\t\t\t\t<\/div>\n\t\t\t\t<\/div>\n\t\t\t\t\t<\/div>\n\t\t\t\t<\/div>\n\t\t\t\t\t\t\t<\/div>\n\t\t","protected":false},"excerpt":{"rendered":"<p>Ann\u00e9e universitaire 2018-2019 CEC D\u2019ARTHROSCOPIE (5\u00e9me \u00e9dition) Directeur du CEC: Pr&nbsp; Mustapha KOUBAA Directeur scientifique: Pr Karim BOUATTOUR Coordinateurs: Dr Hamdi KAZIZ et Dr Youssef OTHMAN T\u00e9l\u00e9chargez le guide pratique ( T\u00e9l\u00e9charger le Livret CEC 2018-2019 ) S\u00e9minaires:&nbsp; S\u00e9minaire 1 &#8211; Th\u00e8me : G\u00e9n\u00e9ralit\u00e9s sur l\u2019arthroscopie Genou Date : 3 Novembre 2018 Coordinateur : Pr Mustapha KOUBAA et Dr Youssef OTHMAN Les diaporamas (lien vers le partage drive ) Diaporamas S\u00e9minaire 1 S\u00e9minaire 2 &#8211; Th\u00e8me : M\u00e9nisque Date : 1 &#8211; 2 D\u00e9cembre 2018 Coordinateurs : Pr Mustapha KOUBAA, Dr Hamdi KAZIZ Les diaporamas (lien vers le partage drive)\u2026<\/p>\n","protected":false},"author":1,"featured_media":0,"parent":0,"menu_order":0,"comment_status":"closed","ping_status":"closed","template":"","meta":{"footnotes":""},"class_list":["post-5103","page","type-page","status-publish","hentry"],"blocksy_meta":"","_links":{"self":[{"href":"https:\/\/tsass.tn\/index.php\/wp-json\/wp\/v2\/pages\/5103","targetHints":{"allow":["GET"]}}],"collection":[{"href":"https:\/\/tsass.tn\/index.php\/wp-json\/wp\/v2\/pages"}],"about":[{"href":"https:\/\/tsass.tn\/index.php\/wp-json\/wp\/v2\/types\/page"}],"author":[{"embeddable":true,"href":"https:\/\/tsass.tn\/index.php\/wp-json\/wp\/v2\/users\/1"}],"replies":[{"embeddable":true,"href":"https:\/\/tsass.tn\/index.php\/wp-json\/wp\/v2\/comments?post=5103"}],"version-history":[{"count":28,"href":"https:\/\/tsass.tn\/index.php\/wp-json\/wp\/v2\/pages\/5103\/revisions"}],"predecessor-version":[{"id":5142,"href":"https:\/\/tsass.tn\/index.php\/wp-json\/wp\/v2\/pages\/5103\/revisions\/5142"}],"wp:attachment":[{"href":"https:\/\/tsass.tn\/index.php\/wp-json\/wp\/v2\/media?parent=5103"}],"curies":[{"name":"wp","href":"https:\/\/api.w.org\/{rel}","templated":true}]}}