{"id":4339,"date":"2023-07-14T12:54:31","date_gmt":"2023-07-14T10:54:31","guid":{"rendered":"https:\/\/tsass.tn\/?page_id=4339"},"modified":"2023-07-14T13:14:57","modified_gmt":"2023-07-14T11:14:57","slug":"historique-de-la-tsass","status":"publish","type":"page","link":"https:\/\/tsass.tn\/index.php\/historique-de-la-tsass\/","title":{"rendered":"Historique de la TSASS"},"content":{"rendered":"\t\t<div data-elementor-type=\"wp-page\" data-elementor-id=\"4339\" class=\"elementor elementor-4339\">\n\t\t\t\t\t\t\t<div class=\"elementor-element elementor-element-caa033f e-flex e-con-boxed e-con\" data-id=\"caa033f\" data-element_type=\"container\" data-settings=\"{&quot;content_width&quot;:&quot;boxed&quot;}\">\n\t\t\t\t\t<div class=\"e-con-inner\">\n\t\t<div class=\"elementor-element elementor-element-e7eea92 e-con-full e-flex e-con\" data-id=\"e7eea92\" data-element_type=\"container\" data-settings=\"{&quot;content_width&quot;:&quot;full&quot;}\">\n\t\t\t\t<div class=\"elementor-element elementor-element-b212f7a elementor-widget__width-initial elementor-widget elementor-widget-text-editor\" data-id=\"b212f7a\" data-element_type=\"widget\" data-widget_type=\"text-editor.default\">\n\t\t\t\t<div class=\"elementor-widget-container\">\n\t\t\t<style>\/*! elementor - v3.14.0 - 26-06-2023 *\/\n.elementor-widget-text-editor.elementor-drop-cap-view-stacked .elementor-drop-cap{background-color:#69727d;color:#fff}.elementor-widget-text-editor.elementor-drop-cap-view-framed .elementor-drop-cap{color:#69727d;border:3px solid;background-color:transparent}.elementor-widget-text-editor:not(.elementor-drop-cap-view-default) .elementor-drop-cap{margin-top:8px}.elementor-widget-text-editor:not(.elementor-drop-cap-view-default) .elementor-drop-cap-letter{width:1em;height:1em}.elementor-widget-text-editor .elementor-drop-cap{float:left;text-align:center;line-height:1;font-size:50px}.elementor-widget-text-editor .elementor-drop-cap-letter{display:inline-block}<\/style>\t\t\t\t<span style=\"font-weight: 400;\">La Soci\u00e9t\u00e9 Tunisienne d\u2019Arthroscopie et de chirurgie du Sport (TSASS), fond\u00e9e en Septembre 2008, a pour objectif de promouvoir et de d\u00e9velopper les connaissances et les pratiques en arthroscopie et en chirurgie sportive.<\/span><\/p>\n<span style=\"font-weight: 400;\">La TSASS se fixe comme mission la promotion de la quantit\u00e9 ainsi que de la qualit\u00e9 des travaux de recherche tunisiens dans ce domaine et l\u2019\u00e9tablissement de liens scientifiques et d\u2019\u00e9change des exp\u00e9riences entre les orthop\u00e9distes en Tunisie. La TSASS se veut \u00e9galement le portail d\u2019ouverture sur les soci\u00e9t\u00e9s savantes apparent\u00e9es pour diffuser les travaux tunisiens dans le monde.<\/span>\n\n<span style=\"font-weight: 400;\">La TSASS a \u00e9galement pour mission de contribuer \u00e0 l\u2019enseignement de ces pratiques en assurant la formation continue. A ce titre la TSASS est partenaire de la facult\u00e9 de m\u00e9decine de Monastir (<\/span><a href=\"http:\/\/www.medecine-monastir.org\/\"><span style=\"font-weight: 400;\">www.medecine-monastir.org<\/span><\/a><span style=\"font-weight: 400;\">) dans le cadre du certificat d\u2019\u00e9tudes compl\u00e9mentaires en arthroscopie. Trois \u00e9ditions de ce CEC ont \u00e9t\u00e9 r\u00e9alis\u00e9es comportant des cours, des ateliers et une formation pratique. La quatri\u00e8me \u00e9dition sera en 2017-2018<\/span>\n\n<span style=\"font-weight: 400;\">La TSASS a organis\u00e9 cinq manifestations scientifiques (Tunis, Sfax, Bizerte, Sousse, Gammarth) et a aussi particip\u00e9 aux congr\u00e8s de sa soci\u00e9t\u00e9 m\u00e8re, la SOTCOT (Tunis, Hammamet).<\/span>\n\n<span style=\"font-weight: 400;\">La TSASS entretient des liens \u00e9troits avec nos coll\u00e8gues maghr\u00e9bins et europ\u00e9ens en particulier Fran\u00e7ais. La TSASS est une soci\u00e9t\u00e9 partenaire de la soci\u00e9t\u00e9 francophone d\u2019arthroscopie (SFA \u00a0 www.sofarthro.com) et b\u00e9n\u00e9ficie \u00e0 ce titre de liens privil\u00e9gi\u00e9s et avantageux avec la SFA. Ce partenariat guide aussi notre soci\u00e9t\u00e9 vers davantage d\u2019efforts et de qualit\u00e9.<\/span>\n\n<span style=\"font-weight: 400;\">La TSASS a des liens privil\u00e9gi\u00e9s avec les arthroscopistes du Maghreb, en particulier la soci\u00e9t\u00e9 marocaine d\u2019arthroscopie (SMA) et avec les arthroscopistes Alg\u00e9riens.<\/span>\n\n<span style=\"font-weight: 400;\">La TSASS est aussi tourn\u00e9e \u00e0 l\u2019international et est inscrite au registre de la soci\u00e9t\u00e9 internationale d\u2019arthroscopie (ISAKOS\u00a0 www.isakos.com)<\/span>\n\n<span style=\"font-weight: 400;\">La Soci\u00e9t\u00e9 Tunisienne d\u2019Arthroscopie et de chirurgie du Sport est \u00e0 l\u2019\u00e9coute des praticiens via cet espace Web (<\/span><a href=\"http:\/\/www.tsass.tn\/\"><span style=\"font-weight: 400;\">www.tsass.tn<\/span><\/a><span style=\"font-weight: 400;\">) afin de faciliter leur pratique quotidienne gr\u00e2ce \u00e0 un volet social (conseils pour l\u2019exercice professionnel, un espace de communication et d\u2019annonces) et un volet scientifique (forum, banque de photos, films, documents \u00e0 consulter et \u00e0 imprimer) dans le but d\u2019am\u00e9liorer la pratique de l\u2019arthroscopie et de la chirurgie du sport.<\/span>\n\n<b>MENTIONS LEGALES<\/b>\n\n<span style=\"font-weight: 400;\">La Soci\u00e9t\u00e9 Tunisienne d\u2019Arthroscopie et de chirurgie du Sport \u00ab TSASS \u00bb,<\/span>\n\n<span style=\"font-weight: 400;\">JORT N99 du 26 septembre 2008 24\u00e9 ann\u00e9e page 5198<\/span>\n\n<span style=\"font-weight: 400;\">D\u00e9p\u00f4t l\u00e9gal N\u00b0 2498 du 5 juin 2008<\/span>\n\n<span style=\"font-weight: 400;\">Visa du 5 septembre 2008<\/span>\t\t\t\t\t\t<\/div>\n\t\t\t\t<\/div>\n\t\t\t\t<\/div>\n\t\t<div class=\"elementor-element elementor-element-45af74d e-con-full animated-slow e-flex elementor-invisible e-con\" data-id=\"45af74d\" data-element_type=\"container\" data-settings=\"{&quot;content_width&quot;:&quot;full&quot;,&quot;background_background&quot;:&quot;classic&quot;,&quot;animation&quot;:&quot;fadeInUp&quot;}\">\n\t\t\t\t<div class=\"elementor-element elementor-element-3c06b82 elementor-align-left elementor-icon-list--layout-traditional elementor-list-item-link-full_width elementor-widget elementor-widget-icon-list\" data-id=\"3c06b82\" data-element_type=\"widget\" data-widget_type=\"icon-list.default\">\n\t\t\t\t<div class=\"elementor-widget-container\">\n\t\t\t<link rel=\"stylesheet\" href=\"https:\/\/tsass.tn\/wp-content\/plugins\/elementor\/assets\/css\/widget-icon-list.min.css\">\t\t<ul class=\"elementor-icon-list-items\">\n\t\t\t\t\t\t\t<li class=\"elementor-icon-list-item\">\n\t\t\t\t\t\t\t\t\t\t\t<span class=\"elementor-icon-list-icon\">\n\t\t\t\t\t\t\t<i aria-hidden=\"true\" class=\"fas fa-check-circle\"><\/i>\t\t\t\t\t\t<\/span>\n\t\t\t\t\t\t\t\t\t\t<span class=\"elementor-icon-list-text\">Actualit\u00e9s<\/span>\n\t\t\t\t\t\t\t\t\t<\/li>\n\t\t\t\t\t\t\t\t<li class=\"elementor-icon-list-item\">\n\t\t\t\t\t\t\t\t\t\t\t<span class=\"elementor-icon-list-icon\">\n\t\t\t\t\t\t\t<i aria-hidden=\"true\" class=\"fas fa-check-circle\"><\/i>\t\t\t\t\t\t<\/span>\n\t\t\t\t\t\t\t\t\t\t<span class=\"elementor-icon-list-text\">Convention SFA<\/span>\n\t\t\t\t\t\t\t\t\t<\/li>\n\t\t\t\t\t\t\t\t<li class=\"elementor-icon-list-item\">\n\t\t\t\t\t\t\t\t\t\t\t<span class=\"elementor-icon-list-icon\">\n\t\t\t\t\t\t\t<i aria-hidden=\"true\" class=\"fas fa-check-circle\"><\/i>\t\t\t\t\t\t<\/span>\n\t\t\t\t\t\t\t\t\t\t<span class=\"elementor-icon-list-text\">Convention SMA<\/span>\n\t\t\t\t\t\t\t\t\t<\/li>\n\t\t\t\t\t\t\t\t<li class=\"elementor-icon-list-item\">\n\t\t\t\t\t\t\t\t\t\t\t<span class=\"elementor-icon-list-icon\">\n\t\t\t\t\t\t\t<i aria-hidden=\"true\" class=\"fas fa-check-circle\"><\/i>\t\t\t\t\t\t<\/span>\n\t\t\t\t\t\t\t\t\t\t<span class=\"elementor-icon-list-text\">Convention SAGHA<\/span>\n\t\t\t\t\t\t\t\t\t<\/li>\n\t\t\t\t\t\t\t\t<li class=\"elementor-icon-list-item\">\n\t\t\t\t\t\t\t\t\t\t\t<span class=\"elementor-icon-list-icon\">\n\t\t\t\t\t\t\t<i aria-hidden=\"true\" class=\"fas fa-check-circle\"><\/i>\t\t\t\t\t\t<\/span>\n\t\t\t\t\t\t\t\t\t\t<span class=\"elementor-icon-list-text\">Convention SAMCOT<\/span>\n\t\t\t\t\t\t\t\t\t<\/li>\n\t\t\t\t\t\t<\/ul>\n\t\t\t\t<\/div>\n\t\t\t\t<\/div>\n\t\t\t\t<\/div>\n\t\t\t\t\t<\/div>\n\t\t\t\t<\/div>\n\t\t\t\t\t\t\t<\/div>\n\t\t","protected":false},"excerpt":{"rendered":"<p>La Soci\u00e9t\u00e9 Tunisienne d\u2019Arthroscopie et de chirurgie du Sport (TSASS), fond\u00e9e en Septembre 2008, a pour objectif de promouvoir et de d\u00e9velopper les connaissances et les pratiques en arthroscopie et en chirurgie sportive. La TSASS se fixe comme mission la promotion de la quantit\u00e9 ainsi que de la qualit\u00e9 des travaux de recherche tunisiens dans ce domaine et l\u2019\u00e9tablissement de liens scientifiques et d\u2019\u00e9change des exp\u00e9riences entre les orthop\u00e9distes en Tunisie. La TSASS se veut \u00e9galement le portail d\u2019ouverture sur les soci\u00e9t\u00e9s savantes apparent\u00e9es pour diffuser les travaux tunisiens dans le monde. La TSASS a \u00e9galement pour mission de contribuer\u2026<\/p>\n","protected":false},"author":1,"featured_media":0,"parent":0,"menu_order":0,"comment_status":"closed","ping_status":"closed","template":"","meta":{"footnotes":""},"class_list":["post-4339","page","type-page","status-publish","hentry"],"blocksy_meta":"","_links":{"self":[{"href":"https:\/\/tsass.tn\/index.php\/wp-json\/wp\/v2\/pages\/4339","targetHints":{"allow":["GET"]}}],"collection":[{"href":"https:\/\/tsass.tn\/index.php\/wp-json\/wp\/v2\/pages"}],"about":[{"href":"https:\/\/tsass.tn\/index.php\/wp-json\/wp\/v2\/types\/page"}],"author":[{"embeddable":true,"href":"https:\/\/tsass.tn\/index.php\/wp-json\/wp\/v2\/users\/1"}],"replies":[{"embeddable":true,"href":"https:\/\/tsass.tn\/index.php\/wp-json\/wp\/v2\/comments?post=4339"}],"version-history":[{"count":14,"href":"https:\/\/tsass.tn\/index.php\/wp-json\/wp\/v2\/pages\/4339\/revisions"}],"predecessor-version":[{"id":4362,"href":"https:\/\/tsass.tn\/index.php\/wp-json\/wp\/v2\/pages\/4339\/revisions\/4362"}],"wp:attachment":[{"href":"https:\/\/tsass.tn\/index.php\/wp-json\/wp\/v2\/media?parent=4339"}],"curies":[{"name":"wp","href":"https:\/\/api.w.org\/{rel}","templated":true}]}}