{"id":4019,"date":"2023-07-12T11:48:49","date_gmt":"2023-07-12T09:48:49","guid":{"rendered":"https:\/\/tsass.tn\/?page_id=4019"},"modified":"2023-07-15T01:04:44","modified_gmt":"2023-07-14T23:04:44","slug":"presentation-generale-live","status":"publish","type":"page","link":"https:\/\/tsass.tn\/index.php\/presentation-generale-live\/","title":{"rendered":"Pr\u00e9sentation g\u00e9n\u00e9rale Live Surgery"},"content":{"rendered":"","protected":false},"excerpt":{"rendered":"","protected":false},"author":1,"featured_media":0,"parent":0,"menu_order":0,"comment_status":"closed","ping_status":"closed","template":"","meta":{"footnotes":""},"class_list":["post-4019","page","type-page","status-publish","hentry"],"blocksy_meta":"","_links":{"self":[{"href":"https:\/\/tsass.tn\/index.php\/wp-json\/wp\/v2\/pages\/4019","targetHints":{"allow":["GET"]}}],"collection":[{"href":"https:\/\/tsass.tn\/index.php\/wp-json\/wp\/v2\/pages"}],"about":[{"href":"https:\/\/tsass.tn\/index.php\/wp-json\/wp\/v2\/types\/page"}],"author":[{"embeddable":true,"href":"https:\/\/tsass.tn\/index.php\/wp-json\/wp\/v2\/users\/1"}],"replies":[{"embeddable":true,"href":"https:\/\/tsass.tn\/index.php\/wp-json\/wp\/v2\/comments?post=4019"}],"version-history":[{"count":2,"href":"https:\/\/tsass.tn\/index.php\/wp-json\/wp\/v2\/pages\/4019\/revisions"}],"predecessor-version":[{"id":4503,"href":"https:\/\/tsass.tn\/index.php\/wp-json\/wp\/v2\/pages\/4019\/revisions\/4503"}],"wp:attachment":[{"href":"https:\/\/tsass.tn\/index.php\/wp-json\/wp\/v2\/media?parent=4019"}],"curies":[{"name":"wp","href":"https:\/\/api.w.org\/{rel}","templated":true}]}}