{"id":1327,"date":"2017-06-08T12:29:43","date_gmt":"2017-06-08T12:29:43","guid":{"rendered":"https:\/\/demo-import.loc\/?page_id=1327"},"modified":"2024-11-07T22:59:21","modified_gmt":"2024-11-07T21:59:21","slug":"membres-du-bureau","status":"publish","type":"page","link":"https:\/\/tsass.tn\/index.php\/membres-du-bureau\/","title":{"rendered":"Membres du Bureau"},"content":{"rendered":"\t\t<div data-elementor-type=\"wp-page\" data-elementor-id=\"1327\" class=\"elementor elementor-1327\">\n\t\t\t\t\t\t\t<div class=\"elementor-element elementor-element-9f44f04 e-flex e-con-boxed e-con\" data-id=\"9f44f04\" data-element_type=\"container\" data-settings=\"{&quot;content_width&quot;:&quot;boxed&quot;}\">\n\t\t\t\t\t<div class=\"e-con-inner\">\n\t\t\t\t<div class=\"elementor-element elementor-element-57812c8 elementor-widget elementor-widget-image\" data-id=\"57812c8\" data-element_type=\"widget\" data-widget_type=\"image.default\">\n\t\t\t\t<div class=\"elementor-widget-container\">\n\t\t\t<style>\/*! elementor - v3.14.0 - 26-06-2023 *\/\n.elementor-widget-image{text-align:center}.elementor-widget-image a{display:inline-block}.elementor-widget-image a img[src$=\".svg\"]{width:48px}.elementor-widget-image img{vertical-align:middle;display:inline-block}<\/style>\t\t\t\t\t\t\t\t\t<figure class=\"wp-caption\">\n\t\t\t\t\t\t\t\t\t\t<img loading=\"lazy\" decoding=\"async\" width=\"198\" height=\"300\" src=\"https:\/\/tsass.tn\/wp-content\/uploads\/2023\/07\/Dr-ANis-Tebourbi-198x300.jpg\" class=\"attachment-medium size-medium wp-image-4297\" alt=\"\" srcset=\"https:\/\/tsass.tn\/wp-content\/uploads\/2023\/07\/Dr-ANis-Tebourbi-198x300.jpg 198w, https:\/\/tsass.tn\/wp-content\/uploads\/2023\/07\/Dr-ANis-Tebourbi-676x1024.jpg 676w, https:\/\/tsass.tn\/wp-content\/uploads\/2023\/07\/Dr-ANis-Tebourbi-768x1163.jpg 768w, https:\/\/tsass.tn\/wp-content\/uploads\/2023\/07\/Dr-ANis-Tebourbi.jpg 896w\" sizes=\"auto, (max-width: 198px) 100vw, 198px\" \/>\t\t\t\t\t\t\t\t\t\t\t<figcaption class=\"widget-image-caption wp-caption-text\">Dr Anis TEBOURBI <\/br>Pr\u00e9sident<\/figcaption>\n\t\t\t\t\t\t\t\t\t\t<\/figure>\n\t\t\t\t\t\t\t\t\t<\/div>\n\t\t\t\t<\/div>\n\t\t\t\t<div class=\"elementor-element elementor-element-ca7b1d9 elementor-widget elementor-widget-spacer\" data-id=\"ca7b1d9\" data-element_type=\"widget\" data-widget_type=\"spacer.default\">\n\t\t\t\t<div class=\"elementor-widget-container\">\n\t\t\t<style>\/*! elementor - v3.14.0 - 26-06-2023 *\/\n.elementor-column .elementor-spacer-inner{height:var(--spacer-size)}.e-con{--container-widget-width:100%}.e-con-inner>.elementor-widget-spacer,.e-con>.elementor-widget-spacer{width:var(--container-widget-width,var(--spacer-size));--align-self:var(--container-widget-align-self,initial);--flex-shrink:0}.e-con-inner>.elementor-widget-spacer>.elementor-widget-container,.e-con-inner>.elementor-widget-spacer>.elementor-widget-container>.elementor-spacer,.e-con>.elementor-widget-spacer>.elementor-widget-container,.e-con>.elementor-widget-spacer>.elementor-widget-container>.elementor-spacer{height:100%}.e-con-inner>.elementor-widget-spacer>.elementor-widget-container>.elementor-spacer>.elementor-spacer-inner,.e-con>.elementor-widget-spacer>.elementor-widget-container>.elementor-spacer>.elementor-spacer-inner{height:var(--container-widget-height,var(--spacer-size))}<\/style>\t\t<div class=\"elementor-spacer\">\n\t\t\t<div class=\"elementor-spacer-inner\"><\/div>\n\t\t<\/div>\n\t\t\t\t<\/div>\n\t\t\t\t<\/div>\n\t\t\t\t\t<\/div>\n\t\t\t\t<\/div>\n\t\t<div class=\"elementor-element elementor-element-880f27b e-flex e-con-boxed e-con\" data-id=\"880f27b\" data-element_type=\"container\" data-settings=\"{&quot;content_width&quot;:&quot;boxed&quot;}\">\n\t\t\t\t\t<div class=\"e-con-inner\">\n\t\t<div class=\"elementor-element elementor-element-29bd74e e-con-full e-flex e-con\" data-id=\"29bd74e\" data-element_type=\"container\" data-settings=\"{&quot;content_width&quot;:&quot;full&quot;}\">\n\t\t\t\t<div class=\"elementor-element elementor-element-affc5f6 elementor-widget elementor-widget-image\" data-id=\"affc5f6\" data-element_type=\"widget\" data-widget_type=\"image.default\">\n\t\t\t\t<div class=\"elementor-widget-container\">\n\t\t\t\t\t\t\t\t\t\t\t\t<figure class=\"wp-caption\">\n\t\t\t\t\t\t\t\t\t\t<img loading=\"lazy\" decoding=\"async\" width=\"272\" height=\"300\" src=\"https:\/\/tsass.tn\/wp-content\/uploads\/2023\/07\/Dr-Haykel-Ben-Amor-272x300.jpg\" class=\"attachment-medium size-medium wp-image-4288\" alt=\"\" srcset=\"https:\/\/tsass.tn\/wp-content\/uploads\/2023\/07\/Dr-Haykel-Ben-Amor-272x300.jpg 272w, https:\/\/tsass.tn\/wp-content\/uploads\/2023\/07\/Dr-Haykel-Ben-Amor.jpg 416w\" sizes=\"auto, (max-width: 272px) 100vw, 272px\" \/>\t\t\t\t\t\t\t\t\t\t\t<figcaption class=\"widget-image-caption wp-caption-text\">Dr Haykel BEN AMOR <\/br>Past Pr\u00e9sident<\/figcaption>\n\t\t\t\t\t\t\t\t\t\t<\/figure>\n\t\t\t\t\t\t\t\t\t<\/div>\n\t\t\t\t<\/div>\n\t\t\t\t<\/div>\n\t\t<div class=\"elementor-element elementor-element-e1d0868 e-con-full e-flex e-con\" data-id=\"e1d0868\" data-element_type=\"container\" data-settings=\"{&quot;content_width&quot;:&quot;full&quot;}\">\n\t\t\t\t<div class=\"elementor-element elementor-element-5e51f78 elementor-widget elementor-widget-image\" data-id=\"5e51f78\" data-element_type=\"widget\" data-widget_type=\"image.default\">\n\t\t\t\t<div class=\"elementor-widget-container\">\n\t\t\t\t\t\t\t\t\t\t\t\t<figure class=\"wp-caption\">\n\t\t\t\t\t\t\t\t\t\t<img loading=\"lazy\" decoding=\"async\" width=\"270\" height=\"300\" src=\"https:\/\/tsass.tn\/wp-content\/uploads\/2024\/11\/admin-ajax-270x300.jpeg\" class=\"attachment-medium size-medium wp-image-5474\" alt=\"\" srcset=\"https:\/\/tsass.tn\/wp-content\/uploads\/2024\/11\/admin-ajax-270x300.jpeg 270w, https:\/\/tsass.tn\/wp-content\/uploads\/2024\/11\/admin-ajax.jpeg 539w\" sizes=\"auto, (max-width: 270px) 100vw, 270px\" \/>\t\t\t\t\t\t\t\t\t\t\t<figcaption class=\"widget-image-caption wp-caption-text\">Dr Mourad ZARAA <\/br>Vice Pr\u00e9sident<\/figcaption>\n\t\t\t\t\t\t\t\t\t\t<\/figure>\n\t\t\t\t\t\t\t\t\t<\/div>\n\t\t\t\t<\/div>\n\t\t\t\t<\/div>\n\t\t\t\t\t<\/div>\n\t\t\t\t<\/div>\n\t\t<div class=\"elementor-element elementor-element-512594f e-flex e-con-boxed e-con\" data-id=\"512594f\" data-element_type=\"container\" data-settings=\"{&quot;content_width&quot;:&quot;boxed&quot;}\">\n\t\t\t\t\t<div class=\"e-con-inner\">\n\t\t<div class=\"elementor-element elementor-element-cebe113 e-con-full e-flex e-con\" data-id=\"cebe113\" data-element_type=\"container\" data-settings=\"{&quot;content_width&quot;:&quot;full&quot;}\">\n\t\t\t\t<div class=\"elementor-element elementor-element-b4d10d2 elementor-widget elementor-widget-image\" data-id=\"b4d10d2\" data-element_type=\"widget\" data-widget_type=\"image.default\">\n\t\t\t\t<div class=\"elementor-widget-container\">\n\t\t\t\t\t\t\t\t\t\t\t\t<figure class=\"wp-caption\">\n\t\t\t\t\t\t\t\t\t\t<img loading=\"lazy\" decoding=\"async\" width=\"239\" height=\"294\" src=\"https:\/\/tsass.tn\/wp-content\/uploads\/2023\/07\/Dr-Lahmar.jpg\" class=\"attachment-medium size-medium wp-image-4291\" alt=\"\" \/>\t\t\t\t\t\t\t\t\t\t\t<figcaption class=\"widget-image-caption wp-caption-text\">Dr Ahmed Amine LAHMAR <\/br> Secr\u00e9taire G\u00e9n\u00e9ral<\/figcaption>\n\t\t\t\t\t\t\t\t\t\t<\/figure>\n\t\t\t\t\t\t\t\t\t<\/div>\n\t\t\t\t<\/div>\n\t\t\t\t<\/div>\n\t\t<div class=\"elementor-element elementor-element-f464f2d e-con-full e-flex e-con\" data-id=\"f464f2d\" data-element_type=\"container\" data-settings=\"{&quot;content_width&quot;:&quot;full&quot;}\">\n\t\t\t\t<div class=\"elementor-element elementor-element-5e4d2a1 elementor-widget elementor-widget-image\" data-id=\"5e4d2a1\" data-element_type=\"widget\" data-widget_type=\"image.default\">\n\t\t\t\t<div class=\"elementor-widget-container\">\n\t\t\t\t\t\t\t\t\t\t\t\t<figure class=\"wp-caption\">\n\t\t\t\t\t\t\t\t\t\t<img loading=\"lazy\" decoding=\"async\" width=\"231\" height=\"300\" src=\"https:\/\/tsass.tn\/wp-content\/uploads\/2023\/07\/IMG-20220320-WA0012-231x300.jpg\" class=\"attachment-medium size-medium wp-image-4295\" alt=\"\" srcset=\"https:\/\/tsass.tn\/wp-content\/uploads\/2023\/07\/IMG-20220320-WA0012-231x300.jpg 231w, https:\/\/tsass.tn\/wp-content\/uploads\/2023\/07\/IMG-20220320-WA0012-787x1024.jpg 787w, https:\/\/tsass.tn\/wp-content\/uploads\/2023\/07\/IMG-20220320-WA0012-768x999.jpg 768w, https:\/\/tsass.tn\/wp-content\/uploads\/2023\/07\/IMG-20220320-WA0012.jpg 984w\" sizes=\"auto, (max-width: 231px) 100vw, 231px\" \/>\t\t\t\t\t\t\t\t\t\t\t<figcaption class=\"widget-image-caption wp-caption-text\">Dr Saber REBHI <\/br>Secr\u00e9taire G\u00e9n\u00e9ral Adjoint <\/figcaption>\n\t\t\t\t\t\t\t\t\t\t<\/figure>\n\t\t\t\t\t\t\t\t\t<\/div>\n\t\t\t\t<\/div>\n\t\t\t\t<\/div>\n\t\t<div class=\"elementor-element elementor-element-aa98ef2 e-con-full e-flex e-con\" data-id=\"aa98ef2\" data-element_type=\"container\" data-settings=\"{&quot;content_width&quot;:&quot;full&quot;}\">\n\t\t\t\t<div class=\"elementor-element elementor-element-57cbc1c elementor-widget elementor-widget-image\" data-id=\"57cbc1c\" data-element_type=\"widget\" data-widget_type=\"image.default\">\n\t\t\t\t<div class=\"elementor-widget-container\">\n\t\t\t\t\t\t\t\t\t\t\t\t<figure class=\"wp-caption\">\n\t\t\t\t\t\t\t\t\t\t<img loading=\"lazy\" decoding=\"async\" width=\"290\" height=\"300\" src=\"https:\/\/tsass.tn\/wp-content\/uploads\/2023\/07\/IMG-20220321-WA0001-290x300.jpg\" class=\"attachment-medium size-medium wp-image-4296\" alt=\"\" srcset=\"https:\/\/tsass.tn\/wp-content\/uploads\/2023\/07\/IMG-20220321-WA0001-290x300.jpg 290w, https:\/\/tsass.tn\/wp-content\/uploads\/2023\/07\/IMG-20220321-WA0001.jpg 570w\" sizes=\"auto, (max-width: 290px) 100vw, 290px\" \/>\t\t\t\t\t\t\t\t\t\t\t<figcaption class=\"widget-image-caption wp-caption-text\">Dr Mehdi BELLIL <\/br>Tr\u00e9sorier<\/figcaption>\n\t\t\t\t\t\t\t\t\t\t<\/figure>\n\t\t\t\t\t\t\t\t\t<\/div>\n\t\t\t\t<\/div>\n\t\t\t\t<\/div>\n\t\t<div class=\"elementor-element elementor-element-3ee4eec e-con-full e-flex e-con\" data-id=\"3ee4eec\" data-element_type=\"container\" data-settings=\"{&quot;content_width&quot;:&quot;full&quot;}\">\n\t\t\t\t<div class=\"elementor-element elementor-element-d3c33f0 elementor-widget elementor-widget-image\" data-id=\"d3c33f0\" data-element_type=\"widget\" data-widget_type=\"image.default\">\n\t\t\t\t<div class=\"elementor-widget-container\">\n\t\t\t\t\t\t\t\t\t\t\t\t<figure class=\"wp-caption\">\n\t\t\t\t\t\t\t\t\t\t<img loading=\"lazy\" decoding=\"async\" width=\"300\" height=\"255\" src=\"https:\/\/tsass.tn\/wp-content\/uploads\/2023\/07\/FB_IMG_1689329717382-300x255.jpg\" class=\"attachment-medium size-medium wp-image-4327\" alt=\"\" srcset=\"https:\/\/tsass.tn\/wp-content\/uploads\/2023\/07\/FB_IMG_1689329717382-300x255.jpg 300w, https:\/\/tsass.tn\/wp-content\/uploads\/2023\/07\/FB_IMG_1689329717382-768x653.jpg 768w, https:\/\/tsass.tn\/wp-content\/uploads\/2023\/07\/FB_IMG_1689329717382.jpg 783w\" sizes=\"auto, (max-width: 300px) 100vw, 300px\" \/>\t\t\t\t\t\t\t\t\t\t\t<figcaption class=\"widget-image-caption wp-caption-text\">Dr Wajdi BOUAZIZ<\/br> Tr\u00e9sorier Adjoint<\/figcaption>\n\t\t\t\t\t\t\t\t\t\t<\/figure>\n\t\t\t\t\t\t\t\t\t<\/div>\n\t\t\t\t<\/div>\n\t\t\t\t<\/div>\n\t\t<div class=\"elementor-element elementor-element-4c46efb e-con-full e-flex e-con\" data-id=\"4c46efb\" data-element_type=\"container\" data-settings=\"{&quot;content_width&quot;:&quot;full&quot;}\">\n\t\t\t\t<div class=\"elementor-element elementor-element-643a203 elementor-widget elementor-widget-image\" data-id=\"643a203\" data-element_type=\"widget\" data-widget_type=\"image.default\">\n\t\t\t\t<div class=\"elementor-widget-container\">\n\t\t\t\t\t\t\t\t\t\t\t\t<figure class=\"wp-caption\">\n\t\t\t\t\t\t\t\t\t\t<img loading=\"lazy\" decoding=\"async\" width=\"225\" height=\"225\" src=\"https:\/\/tsass.tn\/wp-content\/uploads\/2024\/11\/telechargement.jpeg\" class=\"attachment-medium size-medium wp-image-5460\" alt=\"\" srcset=\"https:\/\/tsass.tn\/wp-content\/uploads\/2024\/11\/telechargement.jpeg 225w, https:\/\/tsass.tn\/wp-content\/uploads\/2024\/11\/telechargement-150x150.jpeg 150w\" sizes=\"auto, (max-width: 225px) 100vw, 225px\" \/>\t\t\t\t\t\t\t\t\t\t\t<figcaption class=\"widget-image-caption wp-caption-text\">Dr Rafik ELAFRAM <\/br> Resp. travaux scientifiques<\/figcaption>\n\t\t\t\t\t\t\t\t\t\t<\/figure>\n\t\t\t\t\t\t\t\t\t<\/div>\n\t\t\t\t<\/div>\n\t\t\t\t<\/div>\n\t\t<div class=\"elementor-element elementor-element-d8ffd15 e-con-full e-flex e-con\" data-id=\"d8ffd15\" data-element_type=\"container\" data-settings=\"{&quot;content_width&quot;:&quot;full&quot;}\">\n\t\t\t\t<div class=\"elementor-element elementor-element-d9af234 elementor-widget elementor-widget-image\" data-id=\"d9af234\" data-element_type=\"widget\" data-widget_type=\"image.default\">\n\t\t\t\t<div class=\"elementor-widget-container\">\n\t\t\t\t\t\t\t\t\t\t\t\t<figure class=\"wp-caption\">\n\t\t\t\t\t\t\t\t\t\t<img loading=\"lazy\" decoding=\"async\" width=\"200\" height=\"200\" src=\"https:\/\/tsass.tn\/wp-content\/uploads\/2024\/11\/1713287392124.jpeg\" class=\"attachment-medium size-medium wp-image-5452\" alt=\"\" srcset=\"https:\/\/tsass.tn\/wp-content\/uploads\/2024\/11\/1713287392124.jpeg 200w, https:\/\/tsass.tn\/wp-content\/uploads\/2024\/11\/1713287392124-150x150.jpeg 150w\" sizes=\"auto, (max-width: 200px) 100vw, 200px\" \/>\t\t\t\t\t\t\t\t\t\t\t<figcaption class=\"widget-image-caption wp-caption-text\">Dr Sami BAHROUN <\/br> Resp. travaux scientifiques<\/figcaption>\n\t\t\t\t\t\t\t\t\t\t<\/figure>\n\t\t\t\t\t\t\t\t\t<\/div>\n\t\t\t\t<\/div>\n\t\t\t\t<\/div>\n\t\t\t\t\t<\/div>\n\t\t\t\t<\/div>\n\t\t<div class=\"elementor-element elementor-element-631ed44 e-flex e-con-boxed e-con\" data-id=\"631ed44\" data-element_type=\"container\" data-settings=\"{&quot;content_width&quot;:&quot;boxed&quot;}\">\n\t\t\t\t\t<div class=\"e-con-inner\">\n\t\t<div class=\"elementor-element elementor-element-5c824e7 e-con-full e-flex e-con\" data-id=\"5c824e7\" data-element_type=\"container\" data-settings=\"{&quot;content_width&quot;:&quot;full&quot;}\">\n\t\t\t\t<div class=\"elementor-element elementor-element-197aa7e elementor-widget elementor-widget-image\" data-id=\"197aa7e\" data-element_type=\"widget\" data-widget_type=\"image.default\">\n\t\t\t\t<div class=\"elementor-widget-container\">\n\t\t\t\t\t\t\t\t\t\t\t\t<figure class=\"wp-caption\">\n\t\t\t\t\t\t\t\t\t\t<img loading=\"lazy\" decoding=\"async\" width=\"283\" height=\"300\" src=\"https:\/\/tsass.tn\/wp-content\/uploads\/2024\/11\/IMG-20241107-WA0002-283x300.jpg\" class=\"attachment-medium size-medium wp-image-5435\" alt=\"\" srcset=\"https:\/\/tsass.tn\/wp-content\/uploads\/2024\/11\/IMG-20241107-WA0002-283x300.jpg 283w, https:\/\/tsass.tn\/wp-content\/uploads\/2024\/11\/IMG-20241107-WA0002-968x1024.jpg 968w, https:\/\/tsass.tn\/wp-content\/uploads\/2024\/11\/IMG-20241107-WA0002-768x813.jpg 768w, https:\/\/tsass.tn\/wp-content\/uploads\/2024\/11\/IMG-20241107-WA0002.jpg 1028w\" sizes=\"auto, (max-width: 283px) 100vw, 283px\" \/>\t\t\t\t\t\t\t\t\t\t\t<figcaption class=\"widget-image-caption wp-caption-text\">Dr Mohamed Amine SELMENE<\/br> Resp. m\u00e9dias, Site internet et communication<\/figcaption>\n\t\t\t\t\t\t\t\t\t\t<\/figure>\n\t\t\t\t\t\t\t\t\t<\/div>\n\t\t\t\t<\/div>\n\t\t\t\t<\/div>\n\t\t<div class=\"elementor-element elementor-element-f58e056 e-con-full e-flex e-con\" data-id=\"f58e056\" data-element_type=\"container\" data-settings=\"{&quot;content_width&quot;:&quot;full&quot;}\">\n\t\t\t\t<div class=\"elementor-element elementor-element-50ab3dd elementor-widget elementor-widget-image\" data-id=\"50ab3dd\" data-element_type=\"widget\" data-widget_type=\"image.default\">\n\t\t\t\t<div class=\"elementor-widget-container\">\n\t\t\t\t\t\t\t\t\t\t\t\t<figure class=\"wp-caption\">\n\t\t\t\t\t\t\t\t\t\t<img loading=\"lazy\" decoding=\"async\" width=\"161\" height=\"300\" src=\"https:\/\/tsass.tn\/wp-content\/uploads\/2024\/11\/IMG-20241107-WA0000-161x300.jpg\" class=\"attachment-medium size-medium wp-image-5434\" alt=\"\" srcset=\"https:\/\/tsass.tn\/wp-content\/uploads\/2024\/11\/IMG-20241107-WA0000-161x300.jpg 161w, https:\/\/tsass.tn\/wp-content\/uploads\/2024\/11\/IMG-20241107-WA0000-550x1024.jpg 550w, https:\/\/tsass.tn\/wp-content\/uploads\/2024\/11\/IMG-20241107-WA0000-768x1429.jpg 768w, https:\/\/tsass.tn\/wp-content\/uploads\/2024\/11\/IMG-20241107-WA0000-826x1536.jpg 826w, https:\/\/tsass.tn\/wp-content\/uploads\/2024\/11\/IMG-20241107-WA0000.jpg 860w\" sizes=\"auto, (max-width: 161px) 100vw, 161px\" \/>\t\t\t\t\t\t\t\t\t\t\t<figcaption class=\"widget-image-caption wp-caption-text\">Dr Ahmed BEN ABID <\/br> Responsable CEC et St\u00e9 Partenaire<\/figcaption>\n\t\t\t\t\t\t\t\t\t\t<\/figure>\n\t\t\t\t\t\t\t\t\t<\/div>\n\t\t\t\t<\/div>\n\t\t\t\t<\/div>\n\t\t<div class=\"elementor-element elementor-element-a9927f1 e-con-full e-flex e-con\" data-id=\"a9927f1\" data-element_type=\"container\" data-settings=\"{&quot;content_width&quot;:&quot;full&quot;}\">\n\t\t\t\t<div class=\"elementor-element elementor-element-0ba04b4 elementor-widget elementor-widget-image\" data-id=\"0ba04b4\" data-element_type=\"widget\" data-widget_type=\"image.default\">\n\t\t\t\t<div class=\"elementor-widget-container\">\n\t\t\t\t\t\t\t\t\t\t\t\t<figure class=\"wp-caption\">\n\t\t\t\t\t\t\t\t\t\t<img loading=\"lazy\" decoding=\"async\" width=\"274\" height=\"300\" src=\"https:\/\/tsass.tn\/wp-content\/uploads\/2024\/11\/IMG-20241106-WA0010-274x300.jpg\" class=\"attachment-medium size-medium wp-image-5436\" alt=\"\" srcset=\"https:\/\/tsass.tn\/wp-content\/uploads\/2024\/11\/IMG-20241106-WA0010-274x300.jpg 274w, https:\/\/tsass.tn\/wp-content\/uploads\/2024\/11\/IMG-20241106-WA0010.jpg 561w\" sizes=\"auto, (max-width: 274px) 100vw, 274px\" \/>\t\t\t\t\t\t\t\t\t\t\t<figcaption class=\"widget-image-caption wp-caption-text\">Dr Hichem ABID<\/br> Responsable CEC et St\u00e9 Partenaire<\/figcaption>\n\t\t\t\t\t\t\t\t\t\t<\/figure>\n\t\t\t\t\t\t\t\t\t<\/div>\n\t\t\t\t<\/div>\n\t\t\t\t<\/div>\n\t\t\t\t\t<\/div>\n\t\t\t\t<\/div>\n\t\t\t\t\t\t\t<\/div>\n\t\t","protected":false},"excerpt":{"rendered":"<p>Dr Anis TEBOURBI Pr\u00e9sident Dr Haykel BEN AMOR Past Pr\u00e9sident Dr Mourad ZARAA Vice Pr\u00e9sident Dr Ahmed Amine LAHMAR Secr\u00e9taire G\u00e9n\u00e9ral Dr Saber REBHI Secr\u00e9taire G\u00e9n\u00e9ral Adjoint Dr Mehdi BELLIL Tr\u00e9sorier Dr Wajdi BOUAZIZ Tr\u00e9sorier Adjoint Dr Rafik ELAFRAM Resp. travaux scientifiques Dr Sami BAHROUN Resp. travaux scientifiques Dr Mohamed Amine SELMENE Resp. m\u00e9dias, Site internet et communication Dr Ahmed BEN ABID Responsable CEC et St\u00e9 Partenaire Dr Hichem ABID Responsable CEC et St\u00e9 Partenaire<\/p>\n","protected":false},"author":1,"featured_media":0,"parent":0,"menu_order":0,"comment_status":"closed","ping_status":"closed","template":"","meta":{"footnotes":""},"class_list":["post-1327","page","type-page","status-publish","hentry"],"blocksy_meta":"","_links":{"self":[{"href":"https:\/\/tsass.tn\/index.php\/wp-json\/wp\/v2\/pages\/1327","targetHints":{"allow":["GET"]}}],"collection":[{"href":"https:\/\/tsass.tn\/index.php\/wp-json\/wp\/v2\/pages"}],"about":[{"href":"https:\/\/tsass.tn\/index.php\/wp-json\/wp\/v2\/types\/page"}],"author":[{"embeddable":true,"href":"https:\/\/tsass.tn\/index.php\/wp-json\/wp\/v2\/users\/1"}],"replies":[{"embeddable":true,"href":"https:\/\/tsass.tn\/index.php\/wp-json\/wp\/v2\/comments?post=1327"}],"version-history":[{"count":107,"href":"https:\/\/tsass.tn\/index.php\/wp-json\/wp\/v2\/pages\/1327\/revisions"}],"predecessor-version":[{"id":5480,"href":"https:\/\/tsass.tn\/index.php\/wp-json\/wp\/v2\/pages\/1327\/revisions\/5480"}],"wp:attachment":[{"href":"https:\/\/tsass.tn\/index.php\/wp-json\/wp\/v2\/media?parent=1327"}],"curies":[{"name":"wp","href":"https:\/\/api.w.org\/{rel}","templated":true}]}}